{"id":54,"date":"2019-03-13T15:12:24","date_gmt":"2019-03-13T15:12:24","guid":{"rendered":"http:\/\/broc.arninfo.ch\/?page_id=54"},"modified":"2025-10-19T16:02:03","modified_gmt":"2025-10-19T16:02:03","slug":"galerie-de-photos","status":"publish","type":"page","link":"https:\/\/broc.arninfo.ch\/index.php\/sample-page\/galerie-de-photos\/","title":{"rendered":"Galerie de photos"},"content":{"rendered":"<p><span style=\"color: #ff0000; font-size: 18pt;\"><strong>EXCURSIONS \u00a0<span style=\"font-size: 12pt;\">(2017-2025)<\/span><\/strong><\/span><\/p>\n<p><strong>3 &#8211; 27 juillet 2017 \u00a0 \u00a0 \u00a0 \u00a0 \u00a0 \u00a0 \u00a0 \u00a0&#8211; \u00a0\u00a0 <a title=\"Croisi\u00e8re sur la Moselle et le Rhin \" href=\"https:\/\/goo.gl\/photos\/qjQ4j63HchCkt1oM7\" target=\"_blank\" rel=\"noopener noreferrer\">Croisi\u00e8re sur la Moselle et le Rhin<\/a><\/strong><\/p>\n<p><strong>8 novembre 2017 \u00a0 \u00a0 \u00a0 \u00a0 \u00a0 \u00a0 \u00a0 &#8211; \u00a0\u00a0 <a title=\"Exposition de courges \u00e0 Seegraben\" href=\"https:\/\/photos.app.goo.gl\/ZKP12s0E6gFqg7dJ2\" target=\"_blank\" rel=\"noopener noreferrer\">Exposition de courges \u00e0 Seegraben<\/a><\/strong><\/p>\n<p><strong>5 d\u00e9cembre 2017 \u00a0 \u00a0 \u00a0 \u00a0 \u00a0 \u00a0 \u00a0&#8211; \u00a0\u00a0 <a title=\"March\u00e9 de No\u00ebl \u00e0 Einsiedeln\" href=\"https:\/\/photos.app.goo.gl\/Ort6pVwKhy5UfbTO2\" target=\"_blank\" rel=\"noopener noreferrer\">March\u00e9 de No\u00ebl \u00e0 Einsiedeln<\/a><\/strong><\/p>\n<p><strong>3 mai 2018 \u00a0 \u00a0 \u00a0 \u00a0 \u00a0 \u00a0 \u00a0 \u00a0 \u00a0 \u00a0 \u00a0 \u00a0 \u00a0&#8211; \u00a0\u00a0 \u00a0<a title=\"Haras National Suisse Avenches\" href=\"https:\/\/photos.app.goo.gl\/GnvejkluLGK6yG6e2\" target=\"_blank\" rel=\"noopener noreferrer\">Haras national suisse d&rsquo;Avenches<\/a><\/strong><\/p>\n<p><strong>12-14 mai 2018 \u00a0 \u00a0 \u00a0 \u00a0 \u00a0 \u00a0 \u00a0 \u00a0 \u00a0&#8211; \u00a0\u00a0 \u00a0<a title=\"Le Tessin 2018\" href=\"https:\/\/photos.app.goo.gl\/87SqcD737ZaAFUPn8\" target=\"_blank\" rel=\"noopener noreferrer\">Le Tessin<\/a><\/strong><\/p>\n<p><strong>12 juillet 2018 \u00a0 \u00a0 \u00a0 \u00a0 \u00a0 \u00a0 \u00a0 \u00a0 \u00a0 &#8211; <a title=\"B\u00e2le - Rheinfelden\" href=\"https:\/\/photos.app.goo.gl\/jR7oBK6Ysrr5N7oH8\" target=\"_blank\" rel=\"noopener noreferrer\">\u00a0 \u00a0 B\u00e2le-Rheinfelden<\/a><\/strong><\/p>\n<p><strong>16 ao\u00fbt 2018 \u00a0 \u00a0 \u00a0 \u00a0 \u00a0 \u00a0 \u00a0 \u00a0 \u00a0 \u00a0 \u00a0&#8211; \u00a0\u00a0 \u00a0<a title=\"Ballenberg - 16 ao\u00fbt 2018\" href=\"https:\/\/photos.app.goo.gl\/EV1H7G3Go2No8eGi9\" target=\"_blank\" rel=\"noopener noreferrer\">Ballenberg<\/a><\/strong><\/p>\n<p><strong>20 septembre 2018 \u00a0 \u00a0 \u00a0 \u00a0&#8211; \u00a0\u00a0 \u00a0<a title=\"Visperterminen\" href=\"https:\/\/photos.app.goo.gl\/Wv2WrWzCTsfhMc6f8\" target=\"_blank\" rel=\"noopener noreferrer\">Visperterminen<\/a><\/strong><\/p>\n<p><strong>23 mai 2019 \u00a0 \u00a0 \u00a0 \u00a0 \u00a0 \u00a0 \u00a0 \u00a0 \u00a0 \u00a0 \u00a0&#8211; \u00a0 \u00a0\u00a0<a href=\"https:\/\/photos.app.goo.gl\/Gqsf4DeNy1nUXkAN7\" target=\"_blank\" rel=\"noopener noreferrer\">Croisi\u00e8re sur l&rsquo;Aar Bienne-Soleure<\/a><\/strong><\/p>\n<p><strong>25-27 juin 2019 \u00a0 \u00a0 \u00a0 \u00a0 \u00a0 \u00a0 \u00a0 &#8211; \u00a0\u00a0 \u00a0\u00a0<a href=\"https:\/\/photos.app.goo.gl\/pCqf37Pp639sgCo27\" target=\"_blank\" rel=\"noopener noreferrer\">Le Pi\u00e9mont<\/a><\/strong><\/p>\n<p><strong>17 juillet 2019 \u00a0 \u00a0 \u00a0 \u00a0 \u00a0 \u00a0 \u00a0 \u00a0 \u00a0&#8211; \u00a0\u00a0 \u00a0\u00a0<a href=\"https:\/\/photos.app.goo.gl\/YiKf5VTHW4NGvABw8\" target=\"_blank\" rel=\"noopener noreferrer\">F\u00eate des Vignerons Vevey<\/a><\/strong><\/p>\n<p><strong>19 septembre 2019 \u00a0 \u00a0 \u00a0 \u00a0&#8211; \u00a0\u00a0 \u00a0\u00a0<a href=\"https:\/\/photos.app.goo.gl\/SqukxafbL5RxDRr78\" target=\"_blank\" rel=\"noopener noreferrer\">T\u00eate de Moine<\/a><\/strong><\/p>\n<p><strong>9 juin 2022 \u00a0 \u00a0 \u00a0 \u00a0 \u00a0 \u00a0 \u00a0 \u00a0 \u00a0 \u00a0 \u00a0 &#8211; \u00a0 \u00a0 \u00a0<a href=\"https:\/\/photos.app.goo.gl\/j8Bjiczus96FGkZz7\" target=\"_blank\" rel=\"noopener\">Mus\u00e9e de l&rsquo;horlogerie \u00e0 la Chaux de Fonds et la Chocolaterie Camille Bloch<\/a><\/strong><\/p>\n<p><strong>21 juillet 2022 \u00a0 \u00a0 \u00a0 \u00a0 \u00a0 \u00a0 \u00a0 \u00a0 &#8211; \u00a0\u00a0 \u00a0\u00a0<a href=\"https:\/\/photos.app.goo.gl\/d8itmobewaV59Jtr8\" target=\"_blank\" rel=\"noopener\">Croisi\u00e8re sur le L\u00e9man<\/a><\/strong><\/p>\n<p><strong>28 septembre 2022 \u00a0 \u00a0 \u00a0&#8211; \u00a0\u00a0 \u00a0\u00a0<a href=\"https:\/\/photos.app.goo.gl\/AagLGAMrSTLxMRXR6\" target=\"_blank\" rel=\"noopener\">Goldenpass<\/a><\/strong><\/p>\n<p><strong>20 octobre 2022 \u00a0 \u00a0 \u00a0 \u00a0 \u00a0 \u00a0&#8211; \u00a0\u00a0 \u00a0\u00a0<a href=\"https:\/\/photos.app.goo.gl\/hhNmyuDqY44mBzWg7\" target=\"_blank\" rel=\"noopener\">La brisol\u00e9e \u00e0 Fully<\/a><\/strong><\/p>\n<p><strong>27 avril 2023 \u00a0 \u00a0 \u00a0 \u00a0 \u00a0 \u00a0 \u00a0 \u00a0 \u00a0&#8211; \u00a0 \u00a0\u00a0 <a href=\"https:\/\/photos.app.goo.gl\/ia7853xhLszE44AQ7\" target=\"_blank\" rel=\"noopener\">Brienz, Giessbach et visite de la fabrique Trauffer<\/a><\/strong><\/p>\n<p><strong>10 mai 2023 \u00a0 \u00a0 \u00a0 \u00a0 \u00a0 \u00a0 \u00a0 \u00a0 \u00a0 &#8211; \u00a0\u00a0 \u00a0\u00a0 <a href=\"https:\/\/photos.app.goo.gl\/1F3yBHq5TwoENAbo7\" target=\"_blank\" rel=\"noopener\">Eggiswil &#8211; fabrique de cors des Alpes<\/a><\/strong><\/p>\n<p><strong>15 juin 2023 \u00a0 \u00a0 \u00a0 \u00a0 \u00a0 \u00a0 \u00a0 \u00a0 \u00a0 &#8211; \u00a0\u00a0 \u00a0\u00a0 <a href=\"https:\/\/photos.app.goo.gl\/wWtXtnotYmCn2A3Y8\" target=\"_blank\" rel=\"noopener\">Le Train des Hirondelles<\/a><\/strong><\/p>\n<p><strong>20 juillet 2023<\/strong>\u00a0 \u00a0 \u00a0 \u00a0 \u00a0 \u00a0 \u00a0 \u00a0<strong>&#8211; \u00a0\u00a0 \u00a0\u00a0 <a href=\"https:\/\/photos.app.goo.gl\/65v8nUQ8Lc2vE1sd7\" target=\"_blank\" rel=\"noopener\">Courmayeur<\/a><\/strong><\/p>\n<p><strong>24 aout 2023 \u00a0 \u00a0 \u00a0 \u00a0 \u00a0 \u00a0 \u00a0 \u00a0 &#8211; \u00a0 \u00a0 \u00a0 <a href=\"https:\/\/photos.app.goo.gl\/kuzWGE8ELM3EDdZ56\" target=\"_blank\" rel=\"noopener\">St Luc<\/a><\/strong><\/p>\n<p><strong>13-15 septembre 23 \u00a0 \u00a0 &#8211; \u00a0 \u00a0 \u00a0 <a href=\"https:\/\/photos.app.goo.gl\/mL4AfGFks6h9isP7A\" target=\"_blank\" rel=\"noopener\">La Bourgogne<\/a><\/strong><\/p>\n<p><strong>16-17 mai 2024<\/strong>\u00a0 \u00a0 \u00a0 \u00a0 \u00a0 \u00a0 \u00a0 &#8211; \u00a0 \u00a0 \u00a0\u00a0<strong><a href=\"https:\/\/photos.app.goo.gl\/DVG8WoVWcdyH3UGr7\" target=\"_blank\" rel=\"noopener\">Ebnat Kappel, St Gall et Teufen<\/a><\/strong><\/p>\n<p><strong>13 juin 2024<\/strong>\u00a0 \u00a0 \u00a0 \u00a0 \u00a0 \u00a0 \u00a0 \u00a0 \u00a0 &#8211; \u00a0 \u00a0 \u00a0<strong><a href=\"https:\/\/photos.app.goo.gl\/KHsG6325nL4tUfAYA\" target=\"_blank\" rel=\"noopener\">Croisi\u00e8re les 3 lacs<\/a><\/strong><\/p>\n<p><strong>4 juillet 2024 \u00a0 \u00a0 \u00a0 \u00a0 \u00a0 \u00a0 \u00a0 &#8211; \u00a0 \u00a0 \u00a0 <a href=\"https:\/\/photos.app.goo.gl\/dJmsnv9V117ZkJvo9\" target=\"_blank\" rel=\"noopener\">Le Lac Noir<\/a><\/strong><\/p>\n<p><strong>22 ao\u00fbt 2024<\/strong>\u00a0 \u00a0 \u00a0 \u00a0 \u00a0 \u00a0 \u00a0 \u00a0 \u00a0&#8211; \u00a0 \u00a0 <a href=\"https:\/\/photos.app.goo.gl\/jW7H9bg9j2w1k9HV9\" target=\"_blank\" rel=\"noopener\"><strong>Kambly et Hug (Willisau)<\/strong><\/a><\/p>\n<p><strong>12 septembre 2024<\/strong>\u00a0 \u00a0 &#8211; \u00a0 \u00a0 <strong><a href=\"https:\/\/photos.app.goo.gl\/wvQKa1jMwyFeVSUH9\" target=\"_blank\" rel=\"noopener\">Le Regardoir, lac de Vouglans et le Fort des Rousses<\/a><\/strong><\/p>\n<p><strong>5 juin 2025 \u00a0 \u00a0 \u00a0 \u00a0 \u00a0 \u00a0 \u00a0 \u00a0 \u00a0 &#8211; \u00a0 \u00a0 <a href=\"https:\/\/photos.app.goo.gl\/arS1asgMZfnB6vvr8\" target=\"_blank\" rel=\"noopener\">Le Papiliorama, Chi\u00eatres<\/a><\/strong><\/p>\n<p><strong>17 juillet 2025<\/strong>\u00a0 \u00a0 \u00a0 \u00a0 \u00a0 \u00a0 \u00a0 &#8211; \u00a0\u00a0 \u00a0<strong><a href=\"https:\/\/photos.app.goo.gl\/fT3CD6UwyCcASd7B9\" target=\"_blank\" rel=\"noopener\">Le mus\u00e9e du CICR &#8211; Repas au Sal\u00e8ve<\/a><\/strong><\/p>\n<p><strong>21 ao\u00fbt 2025<\/strong>\u00a0 \u00a0 \u00a0 \u00a0 \u00a0 \u00a0 \u00a0 \u00a0 \u00a0&#8211; \u00a0 \u00a0 \u00a0<strong><a href=\"https:\/\/photos.app.goo.gl\/9TxjDfBBt1wf9izF8\" target=\"_blank\" rel=\"noopener\">Croisi\u00e8re sur le lac de Zug<\/a><\/strong><\/p>\n<p><strong>18 septembre 2025<\/strong>\u00a0 \u00a0 &#8211; \u00a0 \u00a0 \u00a0<strong><a href=\"https:\/\/photos.app.goo.gl\/mcwU3GDt7qw67wsh6\" target=\"_blank\" rel=\"noopener\">Visite d&rsquo;Air Glaciers \u00e0 Sion<\/a><\/strong><\/p>\n<p>&nbsp;<\/p>\n<p><span style=\"color: #ff0000; font-size: 18pt;\"><strong>MARCHES ET RAQUETTES<br \/>\n<\/strong><\/span><\/p>\n<p><strong>10 f\u00e9vrier 2017 \u00a0 \u00a0 \u00a0 \u00a0 \u00a0 \u00a0 \u00a0 \u00a0 &#8211; \u00a0\u00a0 <a title=\"Les Monts Chevreuils en raquettes\" href=\"https:\/\/goo.gl\/photos\/xkzaUrN6GaS7pDZP7\" target=\"_blank\" rel=\"noopener noreferrer\">Les Monts Chevreuils en raquettes<\/a><\/strong><\/p>\n<p><strong>15 f\u00e9vrier 2017 \u00a0 \u00a0 \u00a0 \u00a0 \u00a0 \u00a0 \u00a0 \u00a0 &#8211;\u00a0 \u00a0 <a title=\"Raquettes \u00e0 l'Oberegg\" href=\"https:\/\/goo.gl\/photos\/nmPZKUg8WysPxYee8\" target=\"_blank\" rel=\"noopener noreferrer\">L&rsquo;Oberegg<\/a><\/strong><\/p>\n<p><strong>21 ao\u00fbt 2017 \u00a0 \u00a0 \u00a0 \u00a0 \u00a0 \u00a0 \u00a0 \u00a0 \u00a0 \u00a0 &#8211; \u00a0\u00a0 \u00a0<a title=\"Chez Francis \u00e0 Grandvillard\" href=\"https:\/\/goo.gl\/photos\/DCaWAbvDNu9aafkGA\" target=\"_blank\" rel=\"noopener noreferrer\">Chez Francis au-dessus de Grandvillard<\/a><\/strong><\/p>\n<p><strong>24 janvier 2018 \u00a0 \u00a0 \u00a0 \u00a0 \u00a0 \u00a0 &#8211; \u00a0\u00a0 \u00a0<a title=\"L'Oberegg en raquettes\" href=\"https:\/\/photos.app.goo.gl\/VYgRywJiu2ssZ56T2\" target=\"_blank\" rel=\"noopener noreferrer\">L&rsquo;Oberegg en raquettes<\/a><\/strong><\/p>\n<p><strong>6 f\u00e9vrier 2018 \u00a0 \u00a0 \u00a0 \u00a0 \u00a0 \u00a0 \u00a0 \u00a0 &#8211; \u00a0\u00a0 \u00a0<a title=\"Raquettes aux Monts Chevreuils\" href=\"https:\/\/photos.app.goo.gl\/3WCYUooMZnkub7133\" target=\"_blank\" rel=\"noopener noreferrer\">Les Monts Chevreuils<\/a><\/strong><\/p>\n<p><strong>8 mars 2018 \u00a0 \u00a0 \u00a0 \u00a0 \u00a0 \u00a0 \u00a0 \u00a0 \u00a0 &#8211; \u00a0\u00a0 \u00a0<a title=\"Pra Cornet - 8 mars 2018\" href=\"https:\/\/photos.app.goo.gl\/7yKQX8LmpVP0lm2x1\" target=\"_blank\" rel=\"noopener noreferrer\">Pra Cornet<\/a><\/strong><\/p>\n<p><strong>28 mai 2018 \u00a0 \u00a0 \u00a0 \u00a0 \u00a0 \u00a0 \u00a0 \u00a0 \u00a0 \u00a0&#8211; <a title=\"Tour du Lac Noir\" href=\"https:\/\/photos.app.goo.gl\/QjAZZ33C5tKQXdqb2\" target=\"_blank\" rel=\"noopener noreferrer\">\u00a0 \u00a0 Le Lac Noir<\/a><\/strong><\/p>\n<p><strong>17 juillet 2018 \u00a0 \u00a0 \u00a0 \u00a0 \u00a0 \u00a0 \u00a0 \u00a0 &#8211;\u00a0 \u00a0 <a title=\"Morgins - sentier des ponts\" href=\"https:\/\/photos.app.goo.gl\/ySehLS1AQLKgCrJf7\" target=\"_blank\" rel=\"noopener noreferrer\">Morgins, sentier des ponts<\/a><\/strong><\/p>\n<p><strong>22 janvier 2019 \u00a0 \u00a0 \u00a0 \u00a0 \u00a0 \u00a0 \u00a0&#8211; \u00a0\u00a0 <a href=\"https:\/\/photos.app.goo.gl\/wRLHWTU3nUP9GJCw6\">L&rsquo;Oberegg en raquettes<\/a><\/strong><\/p>\n<p><strong>6 f\u00e9vrier 2019 \u00a0 \u00a0 \u00a0 \u00a0 \u00a0 \u00a0 \u00a0 \u00a0 &#8211; \u00a0\u00a0 <a href=\"https:\/\/photos.app.goo.gl\/959r8JJ18gRsat4o8\">Les Sciernes en raquettes<\/a><\/strong><\/p>\n<p><strong>f\u00e9vrier 2019 \u00a0 \u00a0 \u00a0 \u00a0 \u00a0 \u00a0 \u00a0 \u00a0 \u00a0 \u00a0&#8211; \u00a0\u00a0 <a href=\"https:\/\/photos.app.goo.gl\/e79Qr7jD55Mp5znz6\" target=\"_blank\" rel=\"noopener noreferrer\">Les Monts Chevreuils en raquettes<\/a><\/strong><\/p>\n<p><strong>29 mai 2019 \u00a0 \u00a0 \u00a0 \u00a0 \u00a0 \u00a0 \u00a0 \u00a0 \u00a0 \u00a0&#8211; \u00a0\u00a0 <a href=\"https:\/\/photos.app.goo.gl\/W33mhWci63KuFf6t7\" target=\"_blank\" rel=\"noopener noreferrer\">Le Lac Noir<\/a><\/strong><\/p>\n<p><strong>30 juillet 2019 \u00a0 \u00a0 \u00a0 \u00a0 \u00a0 \u00a0 \u00a0 &#8211; \u00a0\u00a0 <a href=\"https:\/\/photos.app.goo.gl\/RyLCc3dJ2pmjPepW8\" target=\"_blank\" rel=\"noopener noreferrer\">G\u00eete d&rsquo;Alli\u00e8res<\/a><\/strong><\/p>\n<p><strong>25 septembre 2019 \u00a0 \u00a0 \u00a0&#8211; \u00a0\u00a0 <a href=\"https:\/\/photos.app.goo.gl\/2XtR3Q3zRrsi7xEz5\" target=\"_blank\" rel=\"noopener noreferrer\">Vieille Ville de Fribourg<\/a><\/strong><\/p>\n<p><strong>24 janvier 2020 \u00a0 \u00a0 \u00a0 \u00a0 \u00a0 \u00a0&#8211; \u00a0\u00a0 <a href=\"https:\/\/photos.app.goo.gl\/NyDN86CiFp9gfryV6\" target=\"_blank\" rel=\"noopener noreferrer\">Les Monts Chevreuils en raquettes<\/a><\/strong><\/p>\n<p><strong>14 juillet 2022<\/strong>\u00a0 \u00a0 \u00a0 \u00a0 \u00a0 \u00a0 \u00a0 \u00a0 &#8211; \u00a0\u00a0 <strong><a href=\"https:\/\/photos.app.goo.gl\/LEUNdLaEfi8dTVgC6\" target=\"_blank\" rel=\"noopener\">La Berra<\/a><\/strong><\/p>\n<p><strong>1er septembre 2022 \u00a0 \u00a0&#8211; \u00a0\u00a0 <a href=\"https:\/\/photos.app.goo.gl\/N6Yh8JSvNR6WUeMU9\" target=\"_blank\" rel=\"noopener\">Sentier des tourbi\u00e8res au Cr\u00eat<\/a><\/strong><\/p>\n<p><strong>4 mai 2023 \u00a0 \u00a0 \u00a0 \u00a0 \u00a0 \u00a0 \u00a0 \u00a0 \u00a0 \u00a0 &#8211; \u00a0\u00a0 \u00a0<a href=\"https:\/\/photos.app.goo.gl\/iSYEfDSU4EU5QArk7\" target=\"_blank\" rel=\"noopener\">Sentier des sculptures, Sorens<\/a><\/strong><\/p>\n<p><strong>1er juin 2023 \u00a0 \u00a0 \u00a0 \u00a0 \u00a0 \u00a0 \u00a0 \u00a0 &#8211; \u00a0 \u00a0<a href=\"https:\/\/photos.app.goo.gl\/ytLrhhqF6NyaxxHW6\" target=\"_blank\" rel=\"noopener\">Autour de Lessoc<\/a><\/strong><\/p>\n<p><strong>3 ao\u00fbt 2023<\/strong>\u00a0 \u00a0 \u00a0 \u00a0 \u00a0 \u00a0 \u00a0 \u00a0 \u00a0 \u00a0 &#8211; \u00a0 \u00a0\u00a0<a href=\"https:\/\/photos.app.goo.gl\/CKus8M3spqFVP4LT6\" target=\"_blank\" rel=\"noopener\">C<strong>halet Neuf<\/strong><\/a><\/p>\n<p><strong>7 juin 2024 \u00a0 \u00a0 \u00a0 \u00a0 \u00a0 \u00a0 \u00a0 \u00a0 \u00a0 \u00a0 &#8211; \u00a0 \u00a0<a href=\"https:\/\/photos.app.goo.gl\/o51UVPPwTLDfjHzj8\" target=\"_blank\" rel=\"noopener\">Les Obasseires<\/a><\/strong><\/p>\n<p><strong>25 juillet 2024 \u00a0 \u00a0 \u00a0 \u00a0 \u00a0 \u00a0 \u00a0 &#8211; \u00a0 \u00a0<a href=\"https:\/\/photos.app.goo.gl\/kRRBcTBWZAjNphRCA\" target=\"_blank\" rel=\"noopener\">Le Chalet\u00a0<\/a><\/strong><\/p>\n<p><strong>26 juin 2025 \u00a0 \u00a0 \u00a0 \u00a0 \u00a0 \u00a0 \u00a0 \u00a0 \u00a0 &#8211; \u00a0 \u00a0<a href=\"https:\/\/photos.app.goo.gl\/Sm6CePwMDfpq3oQD9\" target=\"_blank\" rel=\"noopener\">Grandvillard<\/a><\/strong><\/p>\n<p><strong>7 ao\u00fbt 2025 \u00a0 \u00a0 \u00a0 \u00a0 \u00a0 \u00a0 \u00a0 \u00a0 \u00a0 \u00a0 &#8211; \u00a0 \u00a0<a href=\"https:\/\/photos.app.goo.gl\/pq7mw1ywmmVjscEW6\" target=\"_blank\" rel=\"noopener\">Le Chalet Neuf<\/a><\/strong><\/p>\n<p><strong><span style=\"font-size: 18pt; color: #ff0000;\">RENCONTRE DES 3 COMIT\u00c9S<\/span>:<\/strong><\/p>\n<p><a title=\"Rencontre des 3 comit\u00e9s 2016\" href=\"https:\/\/picasaweb.google.com\/116711407997643386089\/6306472348711542769\" target=\"_blank\" rel=\"noopener noreferrer\"><strong>Mai 2016<\/strong><\/a><\/p>\n<p><strong>Septembre 2019 &#8211; <a href=\"https:\/\/photos.app.goo.gl\/V9kUkeB1gGxwUs5x6\" target=\"_blank\" rel=\"noopener noreferrer\">Rencontre \u00e0 La Berra<\/a><\/strong><\/p>\n<p><span style=\"color: #ff0000; font-size: 18pt;\"><strong>ASSEMBL\u00c9E G\u00c9N\u00c9RALE et 50\u00e8me ANNIVERSAIRE DE L&rsquo;ARN DE BROC:<\/strong><\/span><\/p>\n<p><strong>\u00a0<a href=\"https:\/\/goo.gl\/photos\/jnxYdFDKi9UwaWsx9\" target=\"_blank\" rel=\"noopener noreferrer\">20 octobre 2016 &#8211; \u00a0 En Bataille<\/a><\/strong><\/p>\n<p><a href=\"https:\/\/photos.app.goo.gl\/gY3PdTuM6Kqp5Rhp6\" target=\"_blank\" rel=\"noopener\"><strong>16 septembre 2022 &#8211; \u00a0 Botterens<\/strong><\/a><\/p>\n<p><a href=\"https:\/\/photos.app.goo.gl\/aByFp7GjfF4qEudX6\" target=\"_blank\" rel=\"noopener\"><strong>10 novembre 2023 &#8211; \u00a0 Les Colombettes<\/strong><\/a><\/p>\n<p><a href=\"https:\/\/photos.app.goo.gl\/WPnHvQsKd9X8dLJa8\" target=\"_blank\" rel=\"noopener\"><strong>3 octobre 2024 &#8211; \u00a0 Les Colombettes<\/strong><\/a><\/p>\n<p><a href=\"https:\/\/photos.app.goo.gl\/wkHG14Gv1Ncmpqgc8\" target=\"_blank\" rel=\"noopener\"><strong>16 mai 2025 \u00a0 \u00a0 \u00a0 \u00a0 \u00a0&#8211; \u00a050\u00e8me anniversaire de l&rsquo;ARN de BROC &#8211; En Bataille<\/strong><\/a><\/p>\n<p><a href=\"https:\/\/photos.app.goo.gl\/QebysATiUTECUKoA6\" target=\"_blank\" rel=\"noopener\"><strong>9 octobre 2025 \u00a0 \u00a0 &#8211; \u00a050\u00e8me Assembl\u00e9e G\u00e9n\u00e9rale \u00e0 Riaz et repas au Vignier<\/strong><\/a><\/p>\n","protected":false},"excerpt":{"rendered":"<p>EXCURSIONS \u00a0(2017-2025) 3 &#8211; 27 juillet 2017 \u00a0 \u00a0 \u00a0 \u00a0 \u00a0 \u00a0 \u00a0 \u00a0&#8211; \u00a0\u00a0 Croisi\u00e8re sur la Moselle et le Rhin 8 novembre 2017 \u00a0 \u00a0 \u00a0 \u00a0 \u00a0 \u00a0 \u00a0 &#8211; \u00a0\u00a0 Exposition de courges \u00e0 Seegraben 5 d\u00e9cembre 2017 \u00a0 \u00a0 \u00a0 \u00a0 \u00a0 \u00a0 \u00a0&#8211; \u00a0\u00a0 March\u00e9 de No\u00ebl \u00e0 [&hellip;]<\/p>\n","protected":false},"author":1,"featured_media":0,"parent":2,"menu_order":0,"comment_status":"closed","ping_status":"closed","template":"","meta":[],"_links":{"self":[{"href":"https:\/\/broc.arninfo.ch\/index.php\/wp-json\/wp\/v2\/pages\/54"}],"collection":[{"href":"https:\/\/broc.arninfo.ch\/index.php\/wp-json\/wp\/v2\/pages"}],"about":[{"href":"https:\/\/broc.arninfo.ch\/index.php\/wp-json\/wp\/v2\/types\/page"}],"author":[{"embeddable":true,"href":"https:\/\/broc.arninfo.ch\/index.php\/wp-json\/wp\/v2\/users\/1"}],"replies":[{"embeddable":true,"href":"https:\/\/broc.arninfo.ch\/index.php\/wp-json\/wp\/v2\/comments?post=54"}],"version-history":[{"count":49,"href":"https:\/\/broc.arninfo.ch\/index.php\/wp-json\/wp\/v2\/pages\/54\/revisions"}],"predecessor-version":[{"id":509,"href":"https:\/\/broc.arninfo.ch\/index.php\/wp-json\/wp\/v2\/pages\/54\/revisions\/509"}],"up":[{"embeddable":true,"href":"https:\/\/broc.arninfo.ch\/index.php\/wp-json\/wp\/v2\/pages\/2"}],"wp:attachment":[{"href":"https:\/\/broc.arninfo.ch\/index.php\/wp-json\/wp\/v2\/media?parent=54"}],"curies":[{"name":"wp","href":"https:\/\/api.w.org\/{rel}","templated":true}]}}