{"id":43,"date":"2019-03-12T07:17:21","date_gmt":"2019-03-12T07:17:21","guid":{"rendered":"http:\/\/broc.arninfo.ch\/?page_id=43"},"modified":"2025-09-23T07:51:12","modified_gmt":"2025-09-23T07:51:12","slug":"marches","status":"publish","type":"page","link":"https:\/\/broc.arninfo.ch\/index.php\/marches\/","title":{"rendered":"Marches"},"content":{"rendered":"<p><span style=\"font-size: 24pt; color: #ff0000;\"><strong>Voici le programme p\u00e9destre pour 2025<\/strong><\/span><\/p>\n<p dir=\"ltr\"><span style=\"font-size: 12pt;\"><strong><span style=\"color: #0000ff;\">Pour toutes les courses rendez-vous\u00a0<\/span><span style=\"color: #0000ff;\"><span style=\"caret-color: #0000ff;\">comme<\/span><\/span><span style=\"color: #0000ff;\">\u00a0indiqu\u00e9 ci-dessous<\/span><\/strong><span style=\"color: #0000ff;\">\u00a0<\/span><\/span><\/p>\n<p dir=\"ltr\"><span style=\"color: #ff0000; font-size: 12pt;\"><em><strong>Renseignements et inscriptions le vendredi de la semaine qui pr\u00e9c\u00e8de la marche aupr\u00e8s de Rapha\u00ebl Perrin &#8211; tel: 026 912 8087 ou 079 364 0776.<\/strong><\/em><\/span><\/p>\n<p><strong>\u00a0************************************************************************<\/strong><\/p>\n<p dir=\"ltr\"><span style=\"font-size: 12pt;\"><strong>jeudi 1er mai \u00a0 \u00a0 \u00a0 \u00a0 \u00a0 \u00a0 \u00a0 \u00a0 \u00a0 \u00a0 \u00a0 \u00a0 \u00a0 \u00a0 \u00a0 \u00a0 \u00a0 \u00a0 \u00a0 \u00a0 \u00a0 \u00a0 \u00a0<\/strong><\/span><span style=\"font-size: 12pt;\"><strong>\u00a0 \u00a0 Le long de la Sarine aux Marches<br \/>\n<i>\u00a0 \u00a0 \u00a0 \u00a0 \u00a0 \u00a0 \u00a0 \u00a0 \u00a0 \u00a0 \u00a0 \u00a0 \u00a0 \u00a0 \u00a0 \u00a0 \u00a0 \u00a0 \u00a0 \u00a0 \u00a0 \u00a0 \u00a0 \u00a0 \u00a0 \u00a0 \u00a0 \u00a0 \u00a0 \u00a0 \u00a0 \u00a0 \u00a0 \u00a0 \u00a0 \u00a0 \u00a0 \u00a0 \u00a0Rendez-vous \u00e0 10h30 au <\/i><i>parc<\/i><i> du terrain de foot \u00e0 Broc \u00a0<\/i><br \/>\n<\/strong>\u00a0 \u00a0 \u00a0 \u00a0 \u00a0 \u00a0 \u00a0 \u00a0 \u00a0 \u00a0 \u00a0 \u00a0 \u00a0 \u00a0 \u00a0 \u00a0 \u00a0 \u00a0 \u00a0 \u00a0 \u00a0 \u00a0 \u00a0 \u00a0 \u00a0 \u00a0 \u00a0 \u00a0 \u00a0 \u00a0 \u00a0 \u00a0 \u00a0 \u00a0 \u00a0 \u00a0 \u00a0 \u00a0 \u00a0 \u00a0 \u00a0Repas au restaurant L&rsquo;Etoile d&rsquo;Or du centre sportif de Broc<\/span><\/p>\n<p dir=\"ltr\"><strong style=\"font-size: 12pt;\">vendredi 26 juin \u00a0 \u00a0 \u00a0 \u00a0 \u00a0 \u00a0 \u00a0 \u00a0 \u00a0 \u00a0 \u00a0 \u00a0 \u00a0 \u00a0 \u00a0 \u00a0 \u00a0 \u00a0 \u00a0 \u00a0 \u00a0 \u00a0 Grandvillard<br \/>\n<\/strong><strong><span style=\"font-size: medium;\">\u00a0 \u00a0 \u00a0 \u00a0 \u00a0 \u00a0 \u00a0 \u00a0 \u00a0 \u00a0 \u00a0 \u00a0 \u00a0 \u00a0 \u00a0 \u00a0 \u00a0 \u00a0 \u00a0 \u00a0 \u00a0 \u00a0 \u00a0 \u00a0 \u00a0 \u00a0 \u00a0 \u00a0 \u00a0 \u00a0 \u00a0 \u00a0 \u00a0 \u00a0 \u00a0 \u00a0 \u00a0 \u00a0 \u00a0 <\/span><em style=\"font-size: 12pt;\">Rendez-vous \u00e0 10h au parc du foot de Broc<br \/>\n<\/em><span style=\"font-size: medium;\">\u00a0 \u00a0 \u00a0 \u00a0 \u00a0 \u00a0 \u00a0 \u00a0 \u00a0 \u00a0 \u00a0 \u00a0 \u00a0 \u00a0 \u00a0 \u00a0 \u00a0 \u00a0 \u00a0 \u00a0 \u00a0 \u00a0 \u00a0 \u00a0 \u00a0 \u00a0 \u00a0 \u00a0 \u00a0 \u00a0 \u00a0 \u00a0 \u00a0 \u00a0 \u00a0 \u00a0 \u00a0 \u00a0 \u00a0<\/span><em><span style=\"font-size: medium;\"> (ou 10h30 au <\/span>restaurant<span style=\"font-size: medium;\"> de la gare de Grandvillard)<\/span><\/em><br \/>\n<\/strong><span style=\"font-size: medium;\">\u00a0 \u00a0 \u00a0 \u00a0 \u00a0 \u00a0 \u00a0 \u00a0 \u00a0 \u00a0 \u00a0 \u00a0 \u00a0 \u00a0 \u00a0 \u00a0 \u00a0 \u00a0 \u00a0 \u00a0 \u00a0 \u00a0 \u00a0 \u00a0 \u00a0 \u00a0 \u00a0 \u00a0 \u00a0 \u00a0 \u00a0 \u00a0 \u00a0 \u00a0 \u00a0 \u00a0 \u00a0 \u00a0 \u00a0 \u00a0 \u00a0 \u00a0Repas \u00e0 ce restaurant<\/span><strong style=\"font-size: 12pt;\">\u00a0 \u00a0 \u00a0 \u00a0 \u00a0 \u00a0 \u00a0 \u00a0 \u00a0 \u00a0 \u00a0 \u00a0<\/strong><strong style=\"font-size: 12pt;\"><em><br \/>\n<\/em><\/strong><\/p>\n<p><strong style=\"font-size: 12pt;\">jeudi 7 ao\u00fbt \u00a0 \u00a0 \u00a0 <\/strong><strong><span style=\"font-size: medium;\">\u00a0 \u00a0 \u00a0 \u00a0 \u00a0 \u00a0 \u00a0 \u00a0 \u00a0 \u00a0 \u00a0 \u00a0 \u00a0 \u00a0 \u00a0 \u00a0 \u00a0 \u00a0 \u00a0 \u00a0 \u00a0 \u00a0 \u00a0 \u00a0 Le Chalet Neuf<br \/>\n<\/span><\/strong><span style=\"font-size: medium;\"><em><strong>\u00a0 \u00a0 \u00a0 \u00a0 \u00a0 \u00a0 \u00a0 \u00a0 \u00a0 \u00a0 \u00a0 \u00a0 \u00a0 \u00a0 \u00a0 \u00a0 \u00a0 \u00a0 \u00a0 \u00a0 \u00a0 \u00a0 \u00a0 \u00a0 \u00a0 \u00a0 \u00a0 \u00a0 \u00a0 \u00a0 \u00a0 \u00a0 \u00a0 \u00a0 \u00a0 \u00a0 \u00a0 \u00a0 \u00a0 Rendez-vous \u00e0 10h au parc du terrain de foot Broc<br \/>\n<\/strong><\/em>\u00a0 \u00a0 \u00a0 \u00a0 \u00a0 \u00a0 \u00a0 \u00a0 \u00a0 \u00a0 \u00a0 \u00a0 \u00a0 \u00a0 \u00a0 \u00a0 \u00a0 \u00a0 \u00a0 \u00a0 \u00a0 \u00a0 \u00a0 \u00a0 \u00a0 \u00a0 \u00a0 \u00a0 \u00a0 \u00a0 \u00a0 \u00a0 \u00a0 \u00a0 \u00a0 \u00a0 \u00a0 \u00a0 \u00a0 \u00a0 \u00a0<strong><em>(ou 10h30 au restaurant du Chalet Neuf)<\/em><br \/>\n<\/strong>\u00a0 \u00a0 \u00a0 \u00a0 \u00a0 \u00a0 \u00a0 \u00a0 \u00a0 \u00a0 \u00a0 \u00a0 \u00a0 \u00a0 \u00a0 \u00a0 \u00a0 \u00a0 \u00a0 \u00a0 \u00a0 \u00a0 \u00a0 \u00a0 \u00a0 \u00a0 \u00a0 \u00a0 \u00a0 \u00a0 \u00a0 \u00a0 \u00a0 \u00a0 \u00a0 \u00a0 \u00a0 \u00a0 \u00a0 \u00a0 \u00a0 Repas \u00e0 ce restaurant<strong style=\"font-size: 12pt;\">\u00a0 \u00a0 \u00a0 \u00a0 \u00a0 \u00a0 \u00a0 \u00a0 \u00a0 \u00a0 \u00a0 \u00a0<\/strong><\/span><\/p>\n<p><strong><span style=\"font-size: small;\"><i>\u00a0<\/i><\/span> \u00a0 \u00a0 \u00a0****************************************************************************************<\/strong><\/p>\n<p><span style=\"color: #ff0000; font-size: 12pt;\"><strong>L&rsquo;organisation d\u00e9cline toute responsabilit\u00e9 en cas d&rsquo;accident.<\/strong><\/span><\/p>\n<p><b>\u00a0<\/b><\/p>\n","protected":false},"excerpt":{"rendered":"<p>Voici le programme p\u00e9destre pour 2025 Pour toutes les courses rendez-vous\u00a0comme\u00a0indiqu\u00e9 ci-dessous\u00a0 Renseignements et inscriptions le vendredi de la semaine qui pr\u00e9c\u00e8de la marche aupr\u00e8s de Rapha\u00ebl Perrin &#8211; tel: 026 912 8087 ou 079 364 0776. \u00a0************************************************************************ jeudi 1er mai \u00a0 \u00a0 \u00a0 \u00a0 \u00a0 \u00a0 \u00a0 \u00a0 \u00a0 \u00a0 \u00a0 \u00a0 \u00a0 \u00a0 [&hellip;]<\/p>\n","protected":false},"author":1,"featured_media":0,"parent":0,"menu_order":0,"comment_status":"closed","ping_status":"closed","template":"","meta":[],"_links":{"self":[{"href":"https:\/\/broc.arninfo.ch\/index.php\/wp-json\/wp\/v2\/pages\/43"}],"collection":[{"href":"https:\/\/broc.arninfo.ch\/index.php\/wp-json\/wp\/v2\/pages"}],"about":[{"href":"https:\/\/broc.arninfo.ch\/index.php\/wp-json\/wp\/v2\/types\/page"}],"author":[{"embeddable":true,"href":"https:\/\/broc.arninfo.ch\/index.php\/wp-json\/wp\/v2\/users\/1"}],"replies":[{"embeddable":true,"href":"https:\/\/broc.arninfo.ch\/index.php\/wp-json\/wp\/v2\/comments?post=43"}],"version-history":[{"count":17,"href":"https:\/\/broc.arninfo.ch\/index.php\/wp-json\/wp\/v2\/pages\/43\/revisions"}],"predecessor-version":[{"id":500,"href":"https:\/\/broc.arninfo.ch\/index.php\/wp-json\/wp\/v2\/pages\/43\/revisions\/500"}],"wp:attachment":[{"href":"https:\/\/broc.arninfo.ch\/index.php\/wp-json\/wp\/v2\/media?parent=43"}],"curies":[{"name":"wp","href":"https:\/\/api.w.org\/{rel}","templated":true}]}}