{"id":41,"date":"2019-03-12T07:15:51","date_gmt":"2019-03-12T07:15:51","guid":{"rendered":"http:\/\/broc.arninfo.ch\/?page_id=41"},"modified":"2025-04-12T07:00:56","modified_gmt":"2025-04-12T07:00:56","slug":"excursions","status":"publish","type":"page","link":"https:\/\/broc.arninfo.ch\/index.php\/excursions\/","title":{"rendered":"Excursions"},"content":{"rendered":"<p><span style=\"font-size: 18pt; color: #ff0000;\"><strong>Voici les excursions de l&rsquo;ann\u00e9e 2025<\/strong><\/span><\/p>\n<p><strong><em><br \/>\n<\/em><span style=\"font-size: 14pt;\"><span style=\"color: #0000ff;\">Mai<\/span>\u00a0 \u00a0 \u00a0 \u00a0 \u00a0 \u00a0 \u00a0 \u00a0 \u00a0 \u00a0 \u00a0 \u00a0 \u00a0 <span style=\"color: #0000ff;\"><span style=\"caret-color: #0000ff;\"><i>vendredi 16<\/i><\/span><\/span>\u00a0 \u00a0 \u00a0 \u00a0 \u00a0 \u00a0 \u00a0 \u00a0 50\u00e8me anniversaire de l&rsquo;ARN Broc &#8211; en Bataille<\/span><br \/>\n<span style=\"color: #0000ff; font-size: 14pt;\"><span style=\"caret-color: #0000ff;\"><i>\u00a0 \u00a0 \u00a0 \u00a0 \u00a0 \u00a0 \u00a0 \u00a0 \u00a0 \u00a0 \u00a0 \u00a0 \u00a0 \u00a0 \u00a0 \u00a0 \u00a0<\/i><\/span><\/span><\/strong><\/p>\n<p>&nbsp;<\/p>\n<p><span style=\"font-size: 14pt;\"><strong><span style=\"color: #0000ff;\">Juin <\/span>\u00a0 \u00a0 \u00a0 \u00a0 \u00a0 \u00a0 \u00a0 \u00a0 \u00a0 \u00a0 \u00a0 \u00a0 <span style=\"color: #0000ff;\"><span style=\"caret-color: #0000ff;\"><i>jeudi 5 \u00a0 \u00a0 \u00a0 \u00a0 \u00a0 \u00a0 \u00a0 \u00a0 \u00a0 \u00a0 \u00a0 \u00a0 <\/i><\/span><\/span><span style=\"caret-color: #0000ff;\">Papiliorama \u00e0 Chi\u00e8tres &#8211; repas \u00e0 Ried<br \/>\n<\/span><\/strong><\/span><\/p>\n<p style=\"text-align: left;\"><span style=\"font-size: 14pt;\"><strong>\u00a0<\/strong><strong><br \/>\n<\/strong><\/span><\/p>\n<p><span style=\"font-size: 14pt;\"><strong><span style=\"color: #0000ff;\">Juillet<\/span>\u00a0 \u00a0 \u00a0 \u00a0 \u00a0 \u00a0 \u00a0 \u00a0 \u00a0 \u00a0 \u00a0 <em><span style=\"color: #0000ff;\">jeudi 17 \u00a0 \u00a0 \u00a0 \u00a0 \u00a0 \u00a0 \u00a0 \u00a0 \u00a0 \u00a0 \u00a0<\/span><\/em>Mus\u00e9e du CICR \u00e0 Gen\u00e8ve (repas au Sal\u00e8ve)<br \/>\n<\/strong><\/span><\/p>\n<p><span style=\"color: #0000ff; font-size: 14pt;\"><span style=\"caret-color: #0000ff;\"><b>\u00a0<\/b><\/span><\/span><\/p>\n<p><span style=\"font-size: 14pt;\"><strong><span style=\"color: #0000ff;\">Ao\u00fbt \u00a0 \u00a0 <\/span>\u00a0 \u00a0 \u00a0 \u00a0 \u00a0 \u00a0 \u00a0 \u00a0 \u00a0 \u00a0 <span style=\"color: #0000ff;\"><em>jeudi 21 \u00a0 \u00a0 <\/em><\/span>\u00a0 \u00a0 \u00a0 \u00a0 \u00a0 \u00a0 \u00a0 \u00a0<span style=\"color: #0000ff; font-size: 14pt;\"><span style=\"color: #000000;\">Croisi\u00e8re sur le lac de Zoug &#8211; repas sur le bateau<br \/>\n<\/span><\/span><\/strong><\/span><\/p>\n<p>&nbsp;<\/p>\n<p><span style=\"font-size: 14pt;\"><strong><i style=\"color: #0000ff;\">Septembre <\/i><span style=\"color: #0000ff;\">\u00a0 \u00a0 \u00a0 \u00a0 \u00a0 \u00a0jeudi 18<span style=\"color: #333333;\">\u00a0 \u00a0 \u00a0 \u00a0 \u00a0 \u00a0 \u00a0 \u00a0 \u00a0 \u00a0 \u00a0Visite Air Glacier \u00e0 Sion &#8211; raclette \u00e0 midi<\/span><\/span><\/strong><\/span><\/p>\n<p><b>\u00a0<\/b><\/p>\n<p><strong><span style=\"color: #0000ff; font-size: large;\">Octobre \u00a0 \u00a0 \u00a0 \u00a0 \u00a0 \u00a0 \u00a0 \u00a0 \u00a0 \u00a0<\/span><em><span style=\"color: #0000ff; font-size: large;\">\u00a0 \u00a0 \u00a0 \u00a0 \u00a0 \u00a0 \u00a0 \u00a0 \u00a0 \u00a0 \u00a0 \u00a0 \u00a0 \u00a0 \u00a0 \u00a0 \u00a0 \u00a0 \u00a0<\/span><\/em><\/strong><\/p>\n<p>&nbsp;<\/p>\n<p><span style=\"font-size: 14pt;\"><strong><em><span style=\"color: #993366;\">De plus amples d\u00e9tails sur chaque sortie vous seront communiqu\u00e9s par courrier.<\/span><\/em><\/strong><strong><em><br \/>\n**************************************************************************************** \u00a0 \u00a0 \u00a0 \u00a0 \u00a0 <span style=\"color: #0000ff;\">\u00a0\u00a0<\/span><br \/>\n<\/em><\/strong><\/span><span style=\"color: #008000; font-size: large;\"><span style=\"caret-color: #008000;\"><b><i>\u00a0<\/i><\/b><\/span><\/span><\/p>\n<p><span style=\"color: #993366;\"><span style=\"caret-color: #993366;\"><b>\u00a0<\/b><\/span><\/span><\/p>\n","protected":false},"excerpt":{"rendered":"<p>Voici les excursions de l&rsquo;ann\u00e9e 2025 Mai\u00a0 \u00a0 \u00a0 \u00a0 \u00a0 \u00a0 \u00a0 \u00a0 \u00a0 \u00a0 \u00a0 \u00a0 \u00a0 vendredi 16\u00a0 \u00a0 \u00a0 \u00a0 \u00a0 \u00a0 \u00a0 \u00a0 50\u00e8me anniversaire de l&rsquo;ARN Broc &#8211; en Bataille \u00a0 \u00a0 \u00a0 \u00a0 \u00a0 \u00a0 \u00a0 \u00a0 \u00a0 \u00a0 \u00a0 \u00a0 \u00a0 \u00a0 \u00a0 \u00a0 \u00a0 &nbsp; Juin [&hellip;]<\/p>\n","protected":false},"author":1,"featured_media":0,"parent":0,"menu_order":0,"comment_status":"closed","ping_status":"closed","template":"","meta":[],"_links":{"self":[{"href":"https:\/\/broc.arninfo.ch\/index.php\/wp-json\/wp\/v2\/pages\/41"}],"collection":[{"href":"https:\/\/broc.arninfo.ch\/index.php\/wp-json\/wp\/v2\/pages"}],"about":[{"href":"https:\/\/broc.arninfo.ch\/index.php\/wp-json\/wp\/v2\/types\/page"}],"author":[{"embeddable":true,"href":"https:\/\/broc.arninfo.ch\/index.php\/wp-json\/wp\/v2\/users\/1"}],"replies":[{"embeddable":true,"href":"https:\/\/broc.arninfo.ch\/index.php\/wp-json\/wp\/v2\/comments?post=41"}],"version-history":[{"count":30,"href":"https:\/\/broc.arninfo.ch\/index.php\/wp-json\/wp\/v2\/pages\/41\/revisions"}],"predecessor-version":[{"id":481,"href":"https:\/\/broc.arninfo.ch\/index.php\/wp-json\/wp\/v2\/pages\/41\/revisions\/481"}],"wp:attachment":[{"href":"https:\/\/broc.arninfo.ch\/index.php\/wp-json\/wp\/v2\/media?parent=41"}],"curies":[{"name":"wp","href":"https:\/\/api.w.org\/{rel}","templated":true}]}}