{"id":27,"date":"2019-03-11T18:23:20","date_gmt":"2019-03-11T18:23:20","guid":{"rendered":"http:\/\/broc.arninfo.ch\/?page_id=27"},"modified":"2023-12-14T15:11:20","modified_gmt":"2023-12-14T15:11:20","slug":"comite","status":"publish","type":"page","link":"https:\/\/broc.arninfo.ch\/index.php\/comite\/","title":{"rendered":"Comit\u00e9"},"content":{"rendered":"<p>Le Comit\u00e9 se compose des personnes suivantes:<\/p>\n<table border=\"2\" frame=\"box\" cellspacing=\"5\" cellpadding=\"9\" align=\"center\">\n<tbody>\n<tr>\n<td><strong>Maurice Jaccottet<\/strong><\/td>\n<td><strong>Pr\u00e9sident<\/strong><\/td>\n<\/tr>\n<tr>\n<td><strong>Lucien Richoz\u00a0<\/strong><\/td>\n<td><strong>Vice-pr\u00e9sident\u00a0<\/strong><\/td>\n<\/tr>\n<tr>\n<td><strong>Jacqueline Moret<\/strong><\/td>\n<td><strong>Secr\u00e9taire<\/strong><\/td>\n<\/tr>\n<tr>\n<td><strong>Gaston Remy<\/strong><\/td>\n<td><strong>Caissier<\/strong><\/td>\n<\/tr>\n<tr>\n<td><strong>Rapha\u00ebl Perrin<\/strong><\/td>\n<td><strong>Section p\u00e9destre<\/strong><\/td>\n<\/tr>\n<tr>\n<td><strong>Dominique Ropraz<\/strong><\/td>\n<td><b>\u00a0<\/b><\/td>\n<\/tr>\n<\/tbody>\n<\/table>\n","protected":false},"excerpt":{"rendered":"<p>Le Comit\u00e9 se compose des personnes suivantes: Maurice Jaccottet Pr\u00e9sident Lucien Richoz\u00a0 Vice-pr\u00e9sident\u00a0 Jacqueline Moret Secr\u00e9taire Gaston Remy Caissier Rapha\u00ebl Perrin Section p\u00e9destre Dominique Ropraz \u00a0<\/p>\n","protected":false},"author":1,"featured_media":0,"parent":0,"menu_order":0,"comment_status":"closed","ping_status":"closed","template":"","meta":[],"_links":{"self":[{"href":"https:\/\/broc.arninfo.ch\/index.php\/wp-json\/wp\/v2\/pages\/27"}],"collection":[{"href":"https:\/\/broc.arninfo.ch\/index.php\/wp-json\/wp\/v2\/pages"}],"about":[{"href":"https:\/\/broc.arninfo.ch\/index.php\/wp-json\/wp\/v2\/types\/page"}],"author":[{"embeddable":true,"href":"https:\/\/broc.arninfo.ch\/index.php\/wp-json\/wp\/v2\/users\/1"}],"replies":[{"embeddable":true,"href":"https:\/\/broc.arninfo.ch\/index.php\/wp-json\/wp\/v2\/comments?post=27"}],"version-history":[{"count":5,"href":"https:\/\/broc.arninfo.ch\/index.php\/wp-json\/wp\/v2\/pages\/27\/revisions"}],"predecessor-version":[{"id":391,"href":"https:\/\/broc.arninfo.ch\/index.php\/wp-json\/wp\/v2\/pages\/27\/revisions\/391"}],"wp:attachment":[{"href":"https:\/\/broc.arninfo.ch\/index.php\/wp-json\/wp\/v2\/media?parent=27"}],"curies":[{"name":"wp","href":"https:\/\/api.w.org\/{rel}","templated":true}]}}