{"id":2,"date":"2019-03-11T16:30:30","date_gmt":"2019-03-11T16:30:30","guid":{"rendered":"http:\/\/broc.arninfo.ch\/?page_id=2"},"modified":"2020-05-12T17:39:12","modified_gmt":"2020-05-12T17:39:12","slug":"sample-page","status":"publish","type":"page","link":"https:\/\/broc.arninfo.ch\/","title":{"rendered":"Accueil"},"content":{"rendered":"\r\n<p style=\"text-align: center;\"><strong>\u00a0<span style=\"color: #800000; font-size: 12pt;\"> Bienvenue sur le site Internet de<\/span><\/strong><\/p>\r\n<p style=\"text-align: center;\"><span style=\"color: #800000;\"><strong><span style=\"font-size: 12pt;\">\u00a0 \u00a0 \u00a0 \u00a0 \u00a0 \u00a0 \u00a0 \u00a0 \u00a0 \u00a0 <\/span><span style=\"color: #800000;\"><span style=\"font-size: 12pt;\">l&rsquo;Association des Retrait\u00e9s Nestl\u00e9 de la Fabrique de Broc<\/span> \u00a0<\/span><br \/>\u00a0 \u00a0 \u00a0\u00a0<\/strong><\/span><\/p>\r\n<p><strong>\u00a0<\/strong><strong>Chers amis du bourg chocolatier, retrait\u00e9s ou futurs retrait\u00e9s,<\/strong><\/p>\r\n<p><strong><strong style=\"text-align: center;\"><img loading=\"lazy\" class=\"wp-image-48 alignright\" src=\"http:\/\/broc.arninfo.ch\/wp-content\/uploads\/2019\/03\/Maurice-300x226.jpg\" alt=\"\" width=\"192\" height=\"145\" \/><\/strong><\/strong><\/p>\r\n<p>Il m&rsquo;\u00e9choit l&rsquo;honneur de conduire les r\u00eanes de l&rsquo;Association de retrait\u00e9s de la fabrique ce Broc depuis 2005. Nous allons bient\u00f4t f\u00eater le 40\u00e8me anniversaire de notre Association. Gr\u00e2ce \u00e0 l&rsquo;initiative de M. Martin M\u00fcller, ancien Directeur de Fabrique, notre Association fut fond\u00e9e en 1975.\u00a0<\/p>\r\n<p><strong>Petite r\u00e9trospective<\/strong>:\u00a0<\/p>\r\n<table>\r\n<tbody>\r\n<tr>\r\n<td>Fondateur<\/td>\r\n<td>Martin M\u00fcller, Directeur de Broc<\/td>\r\n<td>\u00a0<\/td>\r\n<\/tr>\r\n<tr>\r\n<td>S\u00e9ance constitutive<\/td>\r\n<td>1er juillet 1975<\/td>\r\n<td>\u00a0<\/td>\r\n<\/tr>\r\n<tr>\r\n<td>Pr\u00e9sident int\u00e9rim<\/td>\r\n<td>de 1975 \u00e0 1976<\/td>\r\n<td>Henri Cruchon<\/td>\r\n<\/tr>\r\n<tr>\r\n<td>Pr\u00e9sident<\/td>\r\n<td>de 1976 \u00e0 1982<\/td>\r\n<td>Gustave Favre<\/td>\r\n<\/tr>\r\n<tr>\r\n<td>Pr\u00e9sident<\/td>\r\n<td>de 1982 \u00e0 1987<\/td>\r\n<td>Robert Dubey<\/td>\r\n<\/tr>\r\n<tr>\r\n<td>Pr\u00e9sident<\/td>\r\n<td>de 1987 \u00e0 1989<\/td>\r\n<td>Edouard Rochat<\/td>\r\n<\/tr>\r\n<tr>\r\n<td>Pr\u00e9sident<\/td>\r\n<td>de 1989 \u00e0 2005<\/td>\r\n<td>Henri Cruchon<\/td>\r\n<\/tr>\r\n<tr>\r\n<td>Pr\u00e9sident<\/td>\r\n<td>de 2005 \u00e0 ce jour<\/td>\r\n<td>Maurice Jaccottet<\/td>\r\n<\/tr>\r\n<\/tbody>\r\n<\/table>\r\n<p><br \/>Sachez qu&rsquo;il est merveilleux de pouvoir c\u00f4toyer d&rsquo;anciens coll\u00e8gues de travail qui ont cess\u00e9 leurs activit\u00e9s il y a d\u00e9j\u00e0 plusieurs ann\u00e9es. Ces personnes ressentent un immense plaisir \u00e0 se retrouver de temps en temps pour partager les loisirs que nous pouvons leur offrir.<\/p>\r\n<p>Venez donc nous rejoindre pour d\u00e9couvrir ensemble des sites magnifiques de la Suisse et des alentours et partager les souvenirs de notre activit\u00e9 \u00e0 la fabrique. Nous vous attendons avec plaisir.<\/p>\r\n<p>\u00a0\u00a0 Maurice Jaccottet, Pr\u00e9sident<\/p>\r\n<p>&nbsp;<\/p>\r\n","protected":false},"excerpt":{"rendered":"<p>\u00a0 Bienvenue sur le site Internet de \u00a0 \u00a0 \u00a0 \u00a0 \u00a0 \u00a0 \u00a0 \u00a0 \u00a0 \u00a0 l&rsquo;Association des Retrait\u00e9s Nestl\u00e9 de la Fabrique de Broc \u00a0\u00a0 \u00a0 \u00a0\u00a0 \u00a0Chers amis du bourg chocolatier, retrait\u00e9s ou futurs retrait\u00e9s, Il m&rsquo;\u00e9choit l&rsquo;honneur de conduire les r\u00eanes de l&rsquo;Association de retrait\u00e9s de la fabrique ce Broc depuis [&hellip;]<\/p>\n","protected":false},"author":1,"featured_media":0,"parent":0,"menu_order":0,"comment_status":"closed","ping_status":"open","template":"","meta":[],"_links":{"self":[{"href":"https:\/\/broc.arninfo.ch\/index.php\/wp-json\/wp\/v2\/pages\/2"}],"collection":[{"href":"https:\/\/broc.arninfo.ch\/index.php\/wp-json\/wp\/v2\/pages"}],"about":[{"href":"https:\/\/broc.arninfo.ch\/index.php\/wp-json\/wp\/v2\/types\/page"}],"author":[{"embeddable":true,"href":"https:\/\/broc.arninfo.ch\/index.php\/wp-json\/wp\/v2\/users\/1"}],"replies":[{"embeddable":true,"href":"https:\/\/broc.arninfo.ch\/index.php\/wp-json\/wp\/v2\/comments?post=2"}],"version-history":[{"count":0,"href":"https:\/\/broc.arninfo.ch\/index.php\/wp-json\/wp\/v2\/pages\/2\/revisions"}],"wp:attachment":[{"href":"https:\/\/broc.arninfo.ch\/index.php\/wp-json\/wp\/v2\/media?parent=2"}],"curies":[{"name":"wp","href":"https:\/\/api.w.org\/{rel}","templated":true}]}}