{"id":150,"date":"2019-06-13T16:37:54","date_gmt":"2019-06-13T16:37:54","guid":{"rendered":"http:\/\/broc.arninfo.ch\/?page_id=150"},"modified":"2025-10-24T08:26:12","modified_gmt":"2025-10-24T08:26:12","slug":"assemblee-generale","status":"publish","type":"page","link":"https:\/\/broc.arninfo.ch\/index.php\/assemblee-generale\/","title":{"rendered":"Assembl\u00e9e g\u00e9n\u00e9rale"},"content":{"rendered":"<p><span style=\"font-size: large;\">L&rsquo;assembl\u00e9e g\u00e9n\u00e9rale a eu lieu le <\/span><strong><span style=\"font-size: large;\">9 octobre 2025 \u00e0 10h \u00e0 la salle de paroisse de l&rsquo;\u00e9glise de Riaz. \u00a0<\/span><\/strong><\/p>\n<p><span style=\"font-size: 14pt;\">Cliquez sur le texte en blanc \u00e0 droite pour lire le PV: \u00a0<a href=\"http:\/\/broc.arninfo.ch\/wp-content\/uploads\/2025\/10\/PV-AG-2025.pdf\" target=\"_blank\" rel=\"noopener\"><b> PV 2025<\/b><\/a><\/span><\/p>\n<p><span style=\"font-size: 14pt;\"><strong>Cliquez <a href=\"https:\/\/photos.app.goo.gl\/QebysATiUTECUKoA6\" target=\"_blank\" rel=\"noopener\">ici pour visionner les photos de l&rsquo;Assembl\u00e9e et du repas au Vignier<\/a><\/strong><\/span><\/p>\n<p><span style=\"color: #99cc00; font-size: large;\"><span style=\"caret-color: #99cc00;\"><b>\u00a0<\/b><\/span><\/span><\/p>\n","protected":false},"excerpt":{"rendered":"<p>L&rsquo;assembl\u00e9e g\u00e9n\u00e9rale a eu lieu le 9 octobre 2025 \u00e0 10h \u00e0 la salle de paroisse de l&rsquo;\u00e9glise de Riaz. \u00a0 Cliquez sur le texte en blanc \u00e0 droite pour lire le PV: \u00a0 PV 2025 Cliquez ici pour visionner les photos de l&rsquo;Assembl\u00e9e et du repas au Vignier \u00a0<\/p>\n","protected":false},"author":988843,"featured_media":0,"parent":0,"menu_order":0,"comment_status":"closed","ping_status":"closed","template":"","meta":[],"_links":{"self":[{"href":"https:\/\/broc.arninfo.ch\/index.php\/wp-json\/wp\/v2\/pages\/150"}],"collection":[{"href":"https:\/\/broc.arninfo.ch\/index.php\/wp-json\/wp\/v2\/pages"}],"about":[{"href":"https:\/\/broc.arninfo.ch\/index.php\/wp-json\/wp\/v2\/types\/page"}],"author":[{"embeddable":true,"href":"https:\/\/broc.arninfo.ch\/index.php\/wp-json\/wp\/v2\/users\/988843"}],"replies":[{"embeddable":true,"href":"https:\/\/broc.arninfo.ch\/index.php\/wp-json\/wp\/v2\/comments?post=150"}],"version-history":[{"count":23,"href":"https:\/\/broc.arninfo.ch\/index.php\/wp-json\/wp\/v2\/pages\/150\/revisions"}],"predecessor-version":[{"id":512,"href":"https:\/\/broc.arninfo.ch\/index.php\/wp-json\/wp\/v2\/pages\/150\/revisions\/512"}],"wp:attachment":[{"href":"https:\/\/broc.arninfo.ch\/index.php\/wp-json\/wp\/v2\/media?parent=150"}],"curies":[{"name":"wp","href":"https:\/\/api.w.org\/{rel}","templated":true}]}}