{"id":147,"date":"2019-06-13T16:34:56","date_gmt":"2019-06-13T16:34:56","guid":{"rendered":"http:\/\/broc.arninfo.ch\/?page_id=147"},"modified":"2025-02-18T18:17:29","modified_gmt":"2025-02-18T18:17:29","slug":"statuts","status":"publish","type":"page","link":"https:\/\/broc.arninfo.ch\/index.php\/statuts\/","title":{"rendered":"Statuts"},"content":{"rendered":"<p style=\"text-align: justify;\">STATUTS:<\/p>\n<p style=\"text-align: justify;\">Vous pouvez lire l&rsquo;int\u00e9gralit\u00e9 du texte ci-dessous ou consulter <a href=\"http:\/\/broc.arninfo.ch\/wp-content\/uploads\/2025\/02\/Statuts-revises-le-3-octobre-2024-1.pdf\" target=\"_blank\" rel=\"noopener\">la version pdf ci-jointe<\/a>.<\/p>\n<p style=\"text-align: center;\">\u00a0<span style=\"font-size: 14pt; font-family: 'times new roman', times;\"><br \/>\n<strong><span style=\"font-size: 12pt; font-family: arial, helvetica, sans-serif;\">ASSOCIATION DES RETRAITES NESTLE &#8211; BROC<\/span><\/strong><\/span><\/p>\n<p style=\"text-align: center;\"><strong><span style=\"font-size: 12pt; font-family: arial, helvetica, sans-serif;\">STATUTS<\/span><\/strong><\/p>\n<p style=\"text-align: center;\"><span style=\"font-size: 14pt; font-family: arial, helvetica, sans-serif;\"><br \/>\n<strong><span style=\"font-size: 12pt;\"><span style=\"font-size: 10pt;\">Adopt\u00e9s le 01.07.1975. \u00a0Modifi\u00e9s le 25.06.1993, 21.06.1996, 12.04.2013, 19.10.2017 et 03.10.2024<\/span><br \/>\n<\/span><\/strong><\/span><\/p>\n<p style=\"text-align: justify;\"><span style=\"font-size: 10pt; font-family: arial, helvetica, sans-serif;\"><strong><span style=\"color: #ff0000;\">CHAPITRE 1: DISPOSITIONS GENERALES<\/span><\/strong><\/span><\/p>\n<p style=\"text-align: justify;\"><span style=\"font-size: 10pt; color: #000000; font-family: arial, helvetica, sans-serif;\"><strong>Article 1 &#8211; Nom, si\u00e8ge et dur\u00e9e<\/strong><\/span><\/p>\n<p style=\"text-align: justify;\"><span style=\"font-size: 10pt; color: #000000; font-family: arial, helvetica, sans-serif;\">Sous le nom \u00ab\u00a0Association des retrait\u00e9s Nestl\u00e9 &#8211; Broc\u00a0\u00bb, il est constitu\u00e9 avec si\u00e8ge \u00e0 Broc une association r\u00e9gie par les articles 60 et suivants du Code civil suisse. Sa dur\u00e9e est illimit\u00e9e.<\/span><\/p>\n<p>&nbsp;<\/p>\n<p style=\"text-align: justify;\"><span style=\"font-size: 10pt; color: #000000; font-family: arial, helvetica, sans-serif;\"><strong>Article 2 &#8211; But<\/strong><br \/>\n<\/span><\/p>\n<ol>\n<li style=\"text-align: justify;\"><span style=\"font-size: 10pt; color: #000000; font-family: arial, helvetica, sans-serif;\"><span style=\"font-size: 10pt; color: #000000; font-family: arial, helvetica, sans-serif;\">L&rsquo; Association a pour but de r\u00e9unir les retrait\u00e9s et pensionn\u00e9s, notamment de la fabrique de Broc et leurs conjoints, de cr\u00e9er des liens d&rsquo;amiti\u00e9 entre eux et de favoriser leur activit\u00e9 sportive, culturelle et de loisirs.<\/span><\/span><\/li>\n<li style=\"text-align: justify;\"><span style=\"color: #000000; font-family: arial, helvetica, sans-serif; font-size: 10pt;\">Le comit\u00e9 peut d\u00e9cider d&rsquo;adh\u00e9rer \u00e0 toutes associations pour personnes \u00e2g\u00e9es ou similaires.<\/span><\/li>\n<\/ol>\n<p style=\"text-align: justify;\"><span style=\"font-size: 10pt; color: #000000; font-family: arial, helvetica, sans-serif;\"><br \/>\n<strong>Article 3 &#8211; Repr\u00e9sentation de l&rsquo;Association<\/strong><\/span><\/p>\n<p style=\"text-align: justify;\"><span style=\"font-size: 10pt; color: #000000; font-family: arial, helvetica, sans-serif;\">L&rsquo; Association est repr\u00e9sent\u00e9e par deux membres du comit\u00e9, dont l&rsquo;un doit \u00eatre le Pr\u00e9sident ou le Vice-Pr\u00e9sident, signant collectivement.<\/span><\/p>\n<p style=\"text-align: justify;\"><span style=\"font-size: 10pt; color: #000000; font-family: arial, helvetica, sans-serif;\"><br \/>\n<strong>Article 4 &#8211; Responsabilit\u00e9 des membres<\/strong><\/span><\/p>\n<p style=\"text-align: justify;\"><span style=\"font-size: 10pt; color: #000000; font-family: arial, helvetica, sans-serif;\">Les membres de l&rsquo; Association n&rsquo;encourent aucune responsabilit\u00e9 presonnelle pour les engagements de l&rsquo;Association.<\/span><\/p>\n<p style=\"text-align: justify;\"><span style=\"font-size: 10pt; color: #000000; font-family: arial, helvetica, sans-serif;\"><br \/>\n<strong>Article 5 &#8211; Votations et \u00e9lections<\/strong><\/span><\/p>\n<ol>\n<li style=\"text-align: justify;\"><span style=\"font-size: 10pt; color: #000000; font-family: arial, helvetica, sans-serif;\"><span style=\"font-size: 10pt; color: #000000; font-family: arial, helvetica, sans-serif;\">Toutes les votations et \u00e9lections se font par vote \u00e0 main lev\u00e9e. Le Pr\u00e9sident de l&rsquo; assembl\u00e9e ou de la s\u00e9ance peut ordonner un vote au bulletin secret et il est tenu de le faire \u00e0 la demande d&rsquo;un cinqui\u00e8me des membres pr\u00e9sents. En cas d&rsquo;\u00e9galit\u00e9 des voix, le Pr\u00e9sident de l&rsquo; assembl\u00e9e ou de la s\u00e9ance les d\u00e9partage.<\/span><\/span><\/li>\n<li style=\"text-align: justify;\"><span style=\"color: #000000; font-family: arial, helvetica, sans-serif; font-size: 10pt;\"><span style=\"color: #000000; font-family: arial, helvetica, sans-serif; font-size: 10pt;\">Les \u00e9lections et les d\u00e9cisions de changer les statuts de l&rsquo; Association se font au premier tour \u00e0 la majorit\u00e9 absolue des membres pr\u00e9sents et au second tour \u00e0 la majorit\u00e9 relative. Sur proposition d&rsquo;un membre, les \u00e9lections peuvent se faire par acclamation.<\/span><\/span><\/li>\n<li style=\"text-align: justify;\"><span style=\"color: #000000; font-family: arial, helvetica, sans-serif; font-size: 10pt;\">Les autres votations se font \u00e0 la majorit\u00e9 des voix \u00e9mises.<\/span><\/li>\n<\/ol>\n<p><span style=\"color: #ff0000;\"><strong><span style=\"font-family: arial, helvetica, sans-serif; font-size: 10pt;\"><br \/>\nCHAPITRE II : MEMBRES<\/span><\/strong><\/span><\/p>\n<p><strong><span style=\"color: #000000; font-family: arial, helvetica, sans-serif; font-size: 10pt;\">Article 6 &#8211; Conditions d&rsquo;admission<\/span><\/strong><\/p>\n<p><span style=\"color: #000000; font-family: arial, helvetica, sans-serif; font-size: 10pt;\">Seuls peuvent devenir membres avec acc\u00e8s \u00e0 toutes les activit\u00e9s et droit de vote toutes personnes retrait\u00e9es et pensionn\u00e9es par une soci\u00e9t\u00e9 appartement au Groupe Nestl\u00e9 et leur conjoint.<br \/>\n<\/span><\/p>\n<p><span style=\"color: #000000; font-family: arial, helvetica, sans-serif; font-size: 10pt;\">Seul le comit\u00e9 peut d\u00e9cider de l&rsquo;adh\u00e9sion d&rsquo;autres personnes pensionn\u00e9es et retrait\u00e9es ayant fait partie d&rsquo;autres Soci\u00e9t\u00e9s du Groupe Nestl\u00e9.<\/span><\/p>\n<p><span style=\"color: #000000; font-family: arial, helvetica, sans-serif; font-size: 10pt;\"><br \/>\n<strong>Article 7 &#8211; Adh\u00e9sion<\/strong><\/span><\/p>\n<p><span style=\"color: #000000; font-family: arial, helvetica, sans-serif; font-size: 10pt;\">Toute personne d\u00e9sirant faire partie de l&rsquo; Association doit transmettre au Pr\u00e9sident ou au secr\u00e9tariat de celle-ci un bulletin d&rsquo;adh\u00e9sion d\u00fbment rempli. L&rsquo;inscription peut aussi se faire par le biais du site Internet\u00a0<a href=\"http:\/\/www.arninfo.ch\/Broc\">www.arninfo.ch\/Broc<\/a><\/span><\/p>\n<p><span style=\"color: #000000; font-family: arial, helvetica, sans-serif; font-size: 10pt;\"><br \/>\n<strong>Article 8 &#8211; Exclusion<\/strong><\/span><\/p>\n<p><span style=\"color: #000000; font-family: arial, helvetica, sans-serif; font-size: 10pt;\">Le comit\u00e9 peut prononcer l&rsquo;exclusion de tout membre de l&rsquo; Association pour de justes motifs.<\/span><\/p>\n<p><span style=\"color: #000000; font-family: arial, helvetica, sans-serif; font-size: 10pt;\"><br \/>\n<strong>Article 9 &#8211; Sortie<\/strong><\/span><\/p>\n<ol>\n<li>Tout membre qui d\u00e9sire quitter l&rsquo; Association doit en informer par \u00e9crit le Pr\u00e9sident ou le secr\u00e9tariat de l&rsquo; Association.<\/li>\n<li>Les membres dont la d\u00e9mission est annonc\u00e9e apr\u00e8s le 31 mars sont encore astreints au paiement de la cotisation pour l&rsquo;ann\u00e9e en cours.<\/li>\n<li>Sont automatiquement consid\u00e9r\u00e9s comme d\u00e9missionnaires les personnes ne remplissant pas les conditions n\u00e9cessaires pour \u00eatre admises comme membres selon l&rsquo;article 6.<\/li>\n<\/ol>\n<p><strong>Article 10 &#8211; Cotisations<\/strong><\/p>\n<p>La cotisation annuelle des membres est fix\u00e9e lors de chaque assembl\u00e9e g\u00e9n\u00e9rale ordinaire. Les modalit\u00e9s concernant l&rsquo;encaissement des cotisations sont fix\u00e9es par le comit\u00e9.<br \/>\nLes amis des membres peuvent devenir membres. Toutefois, il a \u00e9t\u00e9 d\u00e9cid\u00e9 que la cotisation sera de CHF 60,- par ann\u00e9e. Ils n&rsquo;auront en outre pas droit de vote en assembl\u00e9e.<\/p>\n<p><span style=\"color: #ff0000;\"><strong>CHAPITRE III : ASSEMBLEE GENERALE<\/strong><\/span><\/p>\n<p><strong>Article 11 &#8211; Attributions\u00a0<\/strong><\/p>\n<p>L&rsquo; assembl\u00e9e g\u00e9n\u00e9rale exerce les pouvoirs qui lui sont r\u00e9serv\u00e9s par la loi et les statuts. Elle a notamment les attributions suivantes:<\/p>\n<ol style=\"list-style-type: lower-alpha;\">\n<li>Approbation du rapport de gestion du comit\u00e9 sur l&rsquo;activit\u00e9 de l&rsquo; Association durant l&rsquo;ann\u00e9e \u00e9coul\u00e9e.<\/li>\n<li>Approbation du rapport des v\u00e9rificateurs des comptes.<\/li>\n<li>D\u00e9charge au comit\u00e9 et aux v\u00e9rificateurs des comptes pour leur gestion durant l&rsquo;exercice \u00e9coul\u00e9.<\/li>\n<li>Fixation de la cotisation annuelle pour l&rsquo;exercice suivant.<\/li>\n<li>Nomination des membres du comit\u00e9. La r\u00e9partition des t\u00e2ches est du ressort du comit\u00e9.<\/li>\n<li>Questions qui lui sont soumises par le comit\u00e9 et par les membres.<\/li>\n<li>R\u00e9vocation totale ou partielle des autres organes sociaux pour de justes motifs, conform\u00e9ment \u00e0 l&rsquo;article 65, al. 12 du Code civil.<\/li>\n<li>Modifications des statuts.<\/li>\n<li>Dissolution de l&rsquo; Association<\/li>\n<\/ol>\n<p><strong>Article 12 &#8211; Convocation<\/strong><\/p>\n<ol>\n<li>L&rsquo; assembl\u00e9e g\u00e9n\u00e9rale est convoqu\u00e9e par le comit\u00e9 deux semaines au moins \u00e0 l&rsquo;avance, sauf cas d&rsquo;urgence.<\/li>\n<li>Le comit\u00e9 est tenu de convoquer une assembl\u00e9e g\u00e9n\u00e9rale \u00e0 la demande \u00e9crite sign\u00e9e par 1\/5\u00e8me au moins des membres et indiquant les objets devant figurer \u00e0 l&rsquo;ordre du jour.<\/li>\n<li>La convocation \u00e0 l&rsquo; assembl\u00e9e g\u00e9n\u00e9rale indique l&rsquo;ordre du jour et se fait par circulaire.<\/li>\n<\/ol>\n<p><strong><br \/>\nArticle 13 &#8211; Quorum<\/strong><\/p>\n<p>L&rsquo; assembl\u00e9e g\u00e9n\u00e9rale est valablement constitu\u00e9e quel que soit le nombre des membres pr\u00e9sents, sous r\u00e9serve du cas pr\u00e9vu par l&rsquo;article 22 (dissolution).<\/p>\n<p><strong><br \/>\nArticle 14 &#8211; Organisation de l&rsquo;assembl\u00e9e<\/strong><\/p>\n<p>L&rsquo; assembl\u00e9e g\u00e9n\u00e9rale est pr\u00e9sid\u00e9e par le Pr\u00e9sident ou le (la) Vice-Pr\u00e9sident (e) ou un autre membre du comit\u00e9.<\/p>\n<p><strong><span style=\"color: #000000;\"><br \/>\nArticle 15 \u00a0&#8211; Assembl\u00e9e g\u00e9n\u00e9rale annuelle<\/span><\/strong><\/p>\n<ol>\n<li>L&rsquo; assembl\u00e9e g\u00e9n\u00e9rale annuelle se tient lors de la journ\u00e9e r\u00e9cr\u00e9ative qui a lieu en automne de chaque ann\u00e9e afin de proc\u00e9der aux op\u00e9rations pr\u00e9vues \u00e0 l&rsquo;article 11.<\/li>\n<li>Les questions pos\u00e9es par les membres lors d&rsquo;une assembl\u00e9e doivent \u00eatre en mains du comit\u00e9 une semaine au moins avant la dite assembl\u00e9e.<\/li>\n<li>Les autres questions peuvent \u00eatre trait\u00e9es soit lors de l&rsquo; assembl\u00e9e g\u00e9n\u00e9rale annuelle, soit lors d&rsquo;une assembl\u00e9e extraordinaire, convoqu\u00e9e sp\u00e9cialement.<\/li>\n<\/ol>\n<p><span style=\"color: #ff0000;\"><strong>CHAPITRE IV : COMITE<\/strong><\/span><\/p>\n<p><strong>Article 16 &#8211; Attributions<\/strong><\/p>\n<ol>\n<li>Le comit\u00e9 se compose exclusivement de membres pensionn\u00e9s au Fonds de pension. Des exceptions peuvent \u00eatre admises sur d\u00e9cision exclusive du comit\u00e9. Ces personnes devront s&rsquo;acquitter de la cotisation major\u00e9e du montant de la subvention donn\u00e9e par Nestl\u00e9.<\/li>\n<li>Le comit\u00e9 g\u00e8re les affaires de l&rsquo; Association et la repr\u00e9sente vis-\u00e0-vis des tiers. Il exerce tous les pouvoirs qui ne sont pas r\u00e9serv\u00e9s par la loi ou les statuts \u00e0 d&rsquo;autres organes. Il a notamment les attributions suivantes:<\/li>\n<\/ol>\n<p>a. \u00a0Cr\u00e9ation et dissolution des sections.<\/p>\n<p>b. \u00a0Etablissement et modification de r\u00e8glements concernant l&rsquo; Association.<\/p>\n<p>c. \u00a0Affectation des subsides de Nestl\u00e9.<\/p>\n<p>d. \u00a0Gestion financi\u00e8re de l&rsquo; Association, en particulier pr\u00e9paration du budget annuel, l&rsquo;approbation des comptes de l&rsquo;exercice \u00e9coul\u00e9 \u00e9tant toutefois r\u00e9serv\u00e9 \u00e0 l&rsquo;assembl\u00e9e g\u00e9n\u00e9rale.<\/p>\n<p>e. \u00a0Admission et exclusion des membres.<\/p>\n<p>f. \u00a0Cr\u00e9ation et dissolution de commissions sp\u00e9ciales pour organiser des manifestations, g\u00e9rer les installations et le mat\u00e9riel de l&rsquo; Association, \u00e9tudier des projets, etc.<\/p>\n<p><strong>Article 17 &#8211; Composition et \u00e9lection<\/strong><\/p>\n<p>Le comit\u00e9 se compose du (de la) Pr\u00e9sident (e), d&rsquo;un (e) Vice-Pr\u00e9sident (e), d&rsquo;un (e) caissier (\u00e8re) et d&rsquo;un (e) secr\u00e9taire qui peut \u00e9galement exercer la fonction de Vice-Pr\u00e9sident, ainsi que des membres qui sont en m\u00eame temps animateurs de sections.<\/p>\n<ol style=\"list-style-type: lower-alpha;\">\n<li>Les sections sont normalement repr\u00e9sent\u00e9es par leur animateur, mais en cas d&#8217;emp\u00eachement, par l&rsquo;un ou l&rsquo;autre membre du comit\u00e9.<\/li>\n<li>Le comit\u00e9 de l&rsquo; Association est nomm\u00e9 chaque ann\u00e9e par l&rsquo; assembl\u00e9e g\u00e9n\u00e9rale ordinaire et reste en fonction jusqu&rsquo;\u00e0 la prochaine assembl\u00e9e g\u00e9n\u00e9rale ordinaire.<\/li>\n<\/ol>\n<p><strong>Article 18 &#8211; Convocation<\/strong><\/p>\n<p>Le comit\u00e9 est convoqu\u00e9 par le Pr\u00e9sident, le Vice-Pr\u00e9sident ou, en leur absence, par tout autre membre du comit\u00e9.<\/p>\n<p>La convocation, indiquant l&rsquo;ordre du jour, se fait par \u00e9crit au moins une semaine \u00e0 l&rsquo;avance.<\/p>\n<p><strong>Article 19 &#8211; Quorum et d\u00e9cisions<\/strong><\/p>\n<p>Le comit\u00e9 ne peut prendre de d\u00e9cisions que si plus de la moiti\u00e9 de ses membres assiste \u00e0 la s\u00e9ance.<\/p>\n<p><span style=\"color: #ff0000;\"><strong>CHAPITRE V : SECTIONS<\/strong><\/span><\/p>\n<p><strong><span style=\"color: #000000;\">Article 20 &#8211; Formation et but des sections<\/span><\/strong><\/p>\n<p>A sa constitution, l&rsquo; Association comprend les sections suivantes:<\/p>\n<ol style=\"list-style-type: lower-alpha;\">\n<li>Jeux de cartes et autres jeux.<\/li>\n<li>Tourisme p\u00e9destre, raquettes.<\/li>\n<li>Visite d&rsquo;expositions ou d&rsquo;entreprises.<\/li>\n<li>Excusions.<\/li>\n<li>Conf\u00e9rences.<\/li>\n<\/ol>\n<p><span style=\"color: #ff0000;\"><strong>CHAPITRE VI : COMPTES<\/strong><\/span><\/p>\n<p><strong><span style=\"color: #000000;\">Article 21 &#8211; V\u00e9rification des comptes<\/span><\/strong><\/p>\n<p>La v\u00e9rification des comptes de l&rsquo; Association est confi\u00e9e \u00e0 deux v\u00e9rificateurs membres de l&rsquo;Association, d\u00e9sign\u00e9s par l&rsquo;assembl\u00e9e g\u00e9n\u00e9rale qui nomme \u00e9galement un suppl\u00e9ant. A partir du bouclement, l&rsquo;un des deux devra se retirer et laisser sa place au suppl\u00e9ant. L&rsquo;assembl\u00e9e proc\u00e8dera alors \u00e0 la nomination d&rsquo;un nouveau suppl\u00e9ant. \u00a0L&rsquo;organe de contr\u00f4le pr\u00e9sentera \u00e0 l&rsquo;assembl\u00e9e g\u00e9n\u00e9rale un rapport \u00e9crit.<\/p>\n<p><strong><span style=\"color: #ff0000;\">CHAPITRE VII : DISSOLUTION<\/span><\/strong><\/p>\n<p><strong>Article 22 &#8211; Dissolution de l&rsquo; Association<\/strong><\/p>\n<ol>\n<li>La d\u00e9cision de dissolution ne peut \u00eatre prise qu&rsquo;\u00e0 une assembl\u00e9e g\u00e9n\u00e9rale o\u00f9 les deux tiers au moins des membres actifs sont pr\u00e9sents.<\/li>\n<li>Si ce quorum n&rsquo;est pas atteint, une seconde assembl\u00e9e g\u00e9n\u00e9rale doit \u00eatre convoqu\u00e9e conform\u00e9ment \u00e0 l&rsquo;article 12, mais au plus t\u00f4t quinze jours apr\u00e8s la premi\u00e8re assembl\u00e9e. La d\u00e9cision de dissolution peut alors \u00eatre prise valablement par la majorit\u00e9 des membres pr\u00e9sents.<\/li>\n<li>L&rsquo;assembl\u00e9e g\u00e9n\u00e9rale prend ensuite les d\u00e9cisions n\u00e9cessaires pour effectuer la liquidation. Elle charge le comit\u00e9 de la liquidation. En principe, les biens de l&rsquo;Associaion seront mis \u00e0 disposition de Nestl\u00e9 Suisse SA \u00e0 Broc.<\/li>\n<\/ol>\n<p>&nbsp;<\/p>\n<p>Broc, le 3 octobre 2024.<\/p>\n<p>&nbsp;<\/p>\n<p>&nbsp;<\/p>\n<p><strong>\u00a0<\/strong><\/p>\n<p><span style=\"color: #000000; font-family: arial, helvetica, sans-serif; font-size: 10pt;\">\u00a0<\/span><\/p>\n<p>&nbsp;<\/p>\n","protected":false},"excerpt":{"rendered":"<p>STATUTS: Vous pouvez lire l&rsquo;int\u00e9gralit\u00e9 du texte ci-dessous ou consulter la version pdf ci-jointe. \u00a0 ASSOCIATION DES RETRAITES NESTLE &#8211; BROC STATUTS Adopt\u00e9s le 01.07.1975. \u00a0Modifi\u00e9s le 25.06.1993, 21.06.1996, 12.04.2013, 19.10.2017 et 03.10.2024 CHAPITRE 1: DISPOSITIONS GENERALES Article 1 &#8211; Nom, si\u00e8ge et dur\u00e9e Sous le nom \u00ab\u00a0Association des retrait\u00e9s Nestl\u00e9 &#8211; Broc\u00a0\u00bb, il est [&hellip;]<\/p>\n","protected":false},"author":988843,"featured_media":0,"parent":0,"menu_order":0,"comment_status":"closed","ping_status":"closed","template":"","meta":[],"_links":{"self":[{"href":"https:\/\/broc.arninfo.ch\/index.php\/wp-json\/wp\/v2\/pages\/147"}],"collection":[{"href":"https:\/\/broc.arninfo.ch\/index.php\/wp-json\/wp\/v2\/pages"}],"about":[{"href":"https:\/\/broc.arninfo.ch\/index.php\/wp-json\/wp\/v2\/types\/page"}],"author":[{"embeddable":true,"href":"https:\/\/broc.arninfo.ch\/index.php\/wp-json\/wp\/v2\/users\/988843"}],"replies":[{"embeddable":true,"href":"https:\/\/broc.arninfo.ch\/index.php\/wp-json\/wp\/v2\/comments?post=147"}],"version-history":[{"count":5,"href":"https:\/\/broc.arninfo.ch\/index.php\/wp-json\/wp\/v2\/pages\/147\/revisions"}],"predecessor-version":[{"id":478,"href":"https:\/\/broc.arninfo.ch\/index.php\/wp-json\/wp\/v2\/pages\/147\/revisions\/478"}],"wp:attachment":[{"href":"https:\/\/broc.arninfo.ch\/index.php\/wp-json\/wp\/v2\/media?parent=147"}],"curies":[{"name":"wp","href":"https:\/\/api.w.org\/{rel}","templated":true}]}}