{"id":115,"date":"2019-05-25T13:56:37","date_gmt":"2019-05-25T13:56:37","guid":{"rendered":"http:\/\/broc.arninfo.ch\/?page_id=115"},"modified":"2019-11-21T10:18:35","modified_gmt":"2019-11-21T10:18:35","slug":"archives","status":"publish","type":"page","link":"https:\/\/broc.arninfo.ch\/index.php\/archives\/","title":{"rendered":"Archives"},"content":{"rendered":"<div>\n<p><strong>EXCURSIONS:<\/strong><\/p>\n<\/div>\n<p><strong><strong>Juillet 2011 \u00a0 \u00a0 \u00a0&#8211; \u00a0<a href=\"https:\/\/photos.app.goo.gl\/BP5pvDbarxTbPqq88\" target=\"_blank\" rel=\"noopener noreferrer\">Croisi\u00e8re sur le Rh\u00f4ne<\/a><\/strong><\/strong><\/p>\n<p><strong><strong>Juin 2012 \u00a0 \u00a0 \u00a0 \u00a0&#8211; \u00a0<a href=\"https:\/\/photos.app.goo.gl\/wThR1gzRqMpaeho5A\" target=\"_blank\" rel=\"noopener noreferrer\">Champagne et M\u00e9morial Charles de Gaulle<\/a><\/strong><\/strong><\/p>\n<p><strong><strong>24 mai 2012 \u00a0 \u00a0&#8211;\u00a0 <a href=\"https:\/\/photos.app.goo.gl\/HhPNkVUEjNKQsHUeA\">Constance<\/a><\/strong><\/strong><\/p>\n<p><strong><strong>17 juillet 2012 &#8211; \u00a0<a href=\"https:\/\/photos.app.goo.gl\/tbEH33cVeuatqG5Y7\" target=\"_blank\" rel=\"noopener noreferrer\">L\u00f6tschental<\/a><\/strong><\/strong><\/p>\n<p><strong>22 ao\u00fbt 2012 \u00a0&#8211; \u00a0<a href=\"https:\/\/photos.app.goo.gl\/z3prBhce6hnuS4dB6\" target=\"_blank\" rel=\"noopener noreferrer\">Les 3 pays: Chamonix, Mont Blanc, Courmayeur<\/a><br \/>\n<\/strong><\/p>\n<p><strong>19 octobre 2012 &#8211; <a href=\"https:\/\/photos.app.goo.gl\/yJCsKVSBgKZZArUD7\" target=\"_blank\" rel=\"noopener noreferrer\">Rencontre des 3 comit\u00e9s<\/a><\/strong><\/p>\n<p><strong>25 octobre 2012 &#8211; <a href=\"https:\/\/photos.app.goo.gl\/5kePyyUCPk3N7jY88\" target=\"_blank\" rel=\"noopener noreferrer\">Cl\u00f4ture de la saison 2012<\/a><\/strong><\/p>\n<p><strong>5 avril 2013 &#8211; <a href=\"https:\/\/photos.app.goo.gl\/hJy4pyKe6QDK4g1A6\" target=\"_blank\" rel=\"noopener noreferrer\">Rencontre des 3 comit\u00e9s \u00e0 Gruy\u00e8res<\/a><\/strong><\/p>\n<p><strong>14 mai 2013 &#8211; <a href=\"https:\/\/photos.app.goo.gl\/dNAGEMRUWeC718C18\" target=\"_blank\" rel=\"noopener noreferrer\">Lac du Bourget<\/a><\/strong><\/p>\n<p><strong>20 juin 2013 &#8211; <a href=\"https:\/\/photos.app.goo.gl\/NNWJQUhF4x9Nftc27\">GoldenPass<\/a><\/strong><\/p>\n<p><strong>30 ao\u00fbt au 3 septembre 2013 &#8211; \u00a0<a href=\"https:\/\/photos.app.goo.gl\/AeutgZmL1FfHFJf98\" target=\"_blank\" rel=\"noopener noreferrer\">Croisi\u00e8re sur la Seine<\/a><br \/>\n<\/strong><\/p>\n<p><strong>27 octobre 2013 &#8211; <a href=\"https:\/\/photos.app.goo.gl\/j5An46DEUrtmmteW9\" target=\"_blank\" rel=\"noopener noreferrer\">Cl\u00f4ture 2013<\/a><\/strong><\/p>\n<p><strong>14 novembre 2013 &#8211; <a href=\"https:\/\/photos.app.goo.gl\/6BE3HL8RBsssdECs8\" target=\"_blank\" rel=\"noopener noreferrer\">Floralies de Bourg-en-Bresse<\/a><br \/>\n<\/strong><\/p>\n<p><strong>27 mai 2014 &#8211; <a href=\"https:\/\/photos.app.goo.gl\/onG5VbaUfs9WfKCMA\" target=\"_blank\" rel=\"noopener noreferrer\">Rifferswil. Le jardin de Seleger<\/a><\/strong><\/p>\n<p><strong>10-13 juin 2014 &#8211; <a href=\"https:\/\/photos.app.goo.gl\/qMo4fWFywQqBkxAT9\" target=\"_blank\" rel=\"noopener noreferrer\">C\u00f4te d&rsquo;Azur<\/a><br \/>\n<\/strong><\/p>\n<p><strong>16 juillet 2014 &#8211; <a href=\"https:\/\/photos.app.goo.gl\/1K7BnSXtkXFP8Bax6\" target=\"_blank\" rel=\"noopener noreferrer\">Visite Kambly et Emmenthal<\/a><br \/>\n<\/strong><\/p>\n<p><strong>19 ao\u00fbt 2014 &#8211; <a href=\"https:\/\/photos.app.goo.gl\/ejwdtJaaSkjpUJcZ8\" target=\"_blank\" rel=\"noopener noreferrer\">En petit train touristique \u00e0 travers la Singine<\/a><\/strong><\/p>\n<p><strong>16 septembre 2014 &#8211; <a href=\"https:\/\/photos.app.goo.gl\/LE7ijcFyrZKXYWgQ9\" target=\"_blank\" rel=\"noopener noreferrer\">Seelisberg et le lac des Quatre Cantons<\/a><br \/>\n<\/strong><\/p>\n<p><strong>19 au 22 mai 2015 &#8211; <a href=\"https:\/\/photos.app.goo.gl\/bjDyyxRQPsoc9yo87\" target=\"_blank\" rel=\"noopener noreferrer\">La Provence<\/a><\/strong><\/p>\n<p><strong>16 juin 2015 \u00a0&#8211; \u00a0<a href=\"https:\/\/photos.app.goo.gl\/joXvt4uE5qyxK57eA\" target=\"_blank\" rel=\"noopener noreferrer\">Ecomus\u00e9e d&rsquo;Alsace \u00e0 Ungersheim<\/a><\/strong><\/p>\n<p><strong>17 mai 2016 &#8211; <a href=\"https:\/\/photos.app.goo.gl\/3M2ptYcuRRX78bsv9\" target=\"_blank\" rel=\"noopener noreferrer\">Lac d&rsquo;Aegeri<\/a><\/strong><\/p>\n<p><strong>30 ao\u00fbt-1 sept. 2016 &#8211; <a href=\"https:\/\/goo.gl\/photos\/Vda9A7tN9gBYTFVX8\" target=\"_blank\" rel=\"noopener noreferrer\">Glacier Express<\/a><\/strong><\/p>\n<p>&nbsp;<\/p>\n<p><strong>MARCHES ET RAQUETTES: \u00a0\u00a0<a title=\"photos marches et raquettes\" href=\"https:\/\/plus.google.com\/u\/0\/photos\/108762531906419031823\/albums\" target=\"_blank\" rel=\"noopener noreferrer\"><br \/>\n<\/a><\/strong><\/p>\n<p><strong><strong>24 juillet 2012 &#8211; \u00a0<a href=\"https:\/\/photos.app.goo.gl\/tHwkiaCsFbeFZVSi6\" target=\"_blank\" rel=\"noopener noreferrer\">Gorges de la Singine<\/a><\/strong><\/strong><\/p>\n<p><strong><strong>1er octobre 2012 &#8211; <a href=\"https:\/\/photos.app.goo.gl\/aRTka3joGxH1Ehuv9\" target=\"_blank\" rel=\"noopener noreferrer\">Vignoble d&rsquo;Yvorne<\/a><\/strong><\/strong><\/p>\n<p><strong>24 janvier 2013 &#8211; \u00a0<\/strong><a href=\"https:\/\/photos.app.goo.gl\/wio6hory7mtKxa8u8\" target=\"_blank\" rel=\"noopener noreferrer\"><strong><strong>en raquettes aux Monts Chevreuils<\/strong><\/strong><\/a><\/p>\n<p><strong>22 avril 2013 &#8211; <a href=\"https:\/\/photos.app.goo.gl\/f62NFDxSDT2ri7f79\" target=\"_blank\" rel=\"noopener noreferrer\">Saxon: le sentier des adonis<\/a><\/strong><\/p>\n<p><strong>22 mai 2013 &#8211; <a href=\"https:\/\/photos.app.goo.gl\/3CNRdRcAAvCeoM6n9\" target=\"_blank\" rel=\"noopener noreferrer\">Les Ple\u00efades avec Vevey<\/a><\/strong><\/p>\n<p><strong>1er juillet 2013 &#8211; <a href=\"https:\/\/photos.app.goo.gl\/nWgPprbJ5jAPCN5t9\" target=\"_blank\" rel=\"noopener noreferrer\">Solalex<\/a><\/strong><\/p>\n<p><strong>5 ao\u00fbt 2013 &#8211; <a href=\"https:\/\/photos.app.goo.gl\/FQVKNHhGsGpnjV576\" target=\"_blank\" rel=\"noopener noreferrer\">Gross Schwyberg<\/a><\/strong><\/p>\n<p><strong>22 janvier 2014 &#8211; <a href=\"https:\/\/photos.app.goo.gl\/Fn3yosNZPSSwhVJG9\" target=\"_blank\" rel=\"noopener noreferrer\">En raquettes aux Monts Chevreuils<\/a><\/strong><\/p>\n<p><strong>12 f\u00e9vrier 2014 &#8211; <a href=\"https:\/\/photos.app.goo.gl\/mvQ1DMsyxkujDPxG9\" target=\"_blank\" rel=\"noopener noreferrer\">En raquettes au Vuipay<\/a><\/strong><\/p>\n<p><strong>21 mai 2014 &#8211; <a href=\"https:\/\/photos.app.goo.gl\/Kqdjrky5An5xSbTV7\" target=\"_blank\" rel=\"noopener noreferrer\">Sortie avec Vevey \u00e0 La Chia<\/a><\/strong><\/p>\n<p><strong>4 ao\u00fbt 2014 &#8211; <a href=\"https:\/\/photos.app.goo.gl\/LpqSQ3GCocoQAK318\" target=\"_blank\" rel=\"noopener noreferrer\">Arnensee<\/a><\/strong><\/p>\n<p><strong>21 janvier 2015 &#8211; <a href=\"https:\/\/photos.app.goo.gl\/xTF2d5v8mE48Fiyf8\" target=\"_blank\" rel=\"noopener noreferrer\">En raquettes aux Monts Chevreuil<\/a><\/strong><\/p>\n<p><strong>4 f\u00e9vrier 2015 \u00a0&#8211; <a href=\"https:\/\/photos.app.goo.gl\/PtehrXpSEUpuGHKw6\" target=\"_blank\" rel=\"noopener noreferrer\">En raquettes au Vuipay<\/a><\/strong><\/p>\n<p><strong>8 juin 2015 \u00a0&#8211; <a href=\"https:\/\/goo.gl\/photos\/wNa9bfAiQfK87an86\" target=\"_blank\" rel=\"noopener noreferrer\">Abl\u00e4ndschen-Rellerligrat<\/a><\/strong><\/p>\n<p><strong>6 juillet 2015 &#8211; <a href=\"https:\/\/photos.app.goo.gl\/GU6QQbzwCKSgEnM69\" target=\"_blank\" rel=\"noopener noreferrer\">Col des Planches\/Sentier des Mines<\/a><\/strong><\/p>\n<p><strong>3 ao\u00fbt 2015 &#8211; <a href=\"https:\/\/photos.app.goo.gl\/BtmWC38gKTuZtn8P8\" target=\"_blank\" rel=\"noopener noreferrer\">Tour du Gantrisch<\/a><\/strong><\/p>\n<p><strong>17 f\u00e9vrier 2016 \u00a0 &#8211; \u00a0<a href=\"https:\/\/photos.app.goo.gl\/J3aGBTdea3jpr8AA6\" target=\"_blank\" rel=\"noopener noreferrer\">Monts Chevreuils en raquettes<\/a><\/strong><\/p>\n<p><strong>1er mars 2016 \u00a0 \u00a0&#8211; \u00a0<a href=\"https:\/\/photos.app.goo.gl\/MkBQJSn1AyM5cMLZ7\" target=\"_blank\" rel=\"noopener noreferrer\">Le Vuipay\u00a0en raquettes<\/a><\/strong><\/p>\n<p><strong>9 mai 2016 \u00a0 \u00a0 &#8211; \u00a0<a href=\"https:\/\/photos.app.goo.gl\/qX7dH7UWz4fETubJA\" target=\"_blank\" rel=\"noopener noreferrer\">Rencontre au chalet de Maurice \u00e0 Botterens<\/a><\/strong><\/p>\n<p><strong>8 juin 2016 \u00a0 \u00a0 \u00a0&#8211; \u00a0<a href=\"https:\/\/goo.gl\/photos\/DdBroiQo4MVJjC3u6\" target=\"_blank\" rel=\"noopener noreferrer\">Vall\u00e9e de la Jogne<\/a><\/strong><\/p>\n<p><strong>4 juillet 2016 \u00a0 &#8211; \u00a0<a href=\"https:\/\/goo.gl\/photos\/e3DqqUPSe1cUPDa26\" target=\"_blank\" rel=\"noopener noreferrer\">Dent de Valerette<\/a><\/strong><\/p>\n<p><strong>18-19 juillet 2016 \u00a0 &#8211; \u00a0<a href=\"https:\/\/goo.gl\/photos\/MSqKtyYcHY1tHT1u8\" target=\"_blank\" rel=\"noopener noreferrer\">Lo\u00e8che-les-Bains<\/a><\/strong><\/p>\n<p><strong>8 ao\u00fbt 2016 \u00a0 &#8211; \u00a0<a href=\"https:\/\/goo.gl\/photos\/ioCYBLGFw2odhrH69\" target=\"_blank\" rel=\"noopener noreferrer\">La Berra-G\u00eete d&rsquo;Alli\u00e8res<\/a><\/strong><\/p>\n<p><strong>16 sept. 2016 \u00a0&#8211; <a href=\"https:\/\/goo.gl\/photos\/Gyps7baSwm3L6X5m8\" target=\"_blank\" rel=\"noopener noreferrer\">Chemin des Sculptures-Brasserie du Vignier<\/a><\/strong><\/p>\n","protected":false},"excerpt":{"rendered":"<p>EXCURSIONS: Juillet 2011 \u00a0 \u00a0 \u00a0&#8211; \u00a0Croisi\u00e8re sur le Rh\u00f4ne Juin 2012 \u00a0 \u00a0 \u00a0 \u00a0&#8211; \u00a0Champagne et M\u00e9morial Charles de Gaulle 24 mai 2012 \u00a0 \u00a0&#8211;\u00a0 Constance 17 juillet 2012 &#8211; \u00a0L\u00f6tschental 22 ao\u00fbt 2012 \u00a0&#8211; \u00a0Les 3 pays: Chamonix, Mont Blanc, Courmayeur 19 octobre 2012 &#8211; Rencontre des 3 comit\u00e9s 25 octobre 2012 [&hellip;]<\/p>\n","protected":false},"author":988843,"featured_media":0,"parent":0,"menu_order":0,"comment_status":"closed","ping_status":"closed","template":"","meta":[],"_links":{"self":[{"href":"https:\/\/broc.arninfo.ch\/index.php\/wp-json\/wp\/v2\/pages\/115"}],"collection":[{"href":"https:\/\/broc.arninfo.ch\/index.php\/wp-json\/wp\/v2\/pages"}],"about":[{"href":"https:\/\/broc.arninfo.ch\/index.php\/wp-json\/wp\/v2\/types\/page"}],"author":[{"embeddable":true,"href":"https:\/\/broc.arninfo.ch\/index.php\/wp-json\/wp\/v2\/users\/988843"}],"replies":[{"embeddable":true,"href":"https:\/\/broc.arninfo.ch\/index.php\/wp-json\/wp\/v2\/comments?post=115"}],"version-history":[{"count":0,"href":"https:\/\/broc.arninfo.ch\/index.php\/wp-json\/wp\/v2\/pages\/115\/revisions"}],"wp:attachment":[{"href":"https:\/\/broc.arninfo.ch\/index.php\/wp-json\/wp\/v2\/media?parent=115"}],"curies":[{"name":"wp","href":"https:\/\/api.w.org\/{rel}","templated":true}]}}